{"id":4891,"date":"2024-01-29T16:45:56","date_gmt":"2024-01-29T21:45:56","guid":{"rendered":"https:\/\/koalaaba.wpenginepowered.com\/contactenos\/"},"modified":"2025-10-31T14:35:34","modified_gmt":"2025-10-31T18:35:34","slug":"contacto","status":"publish","type":"page","link":"https:\/\/koalaaba.com\/es\/contacto\/","title":{"rendered":"Cont\u00e1ctenos"},"content":{"rendered":"\t\t<div data-elementor-type=\"wp-page\" data-elementor-id=\"4891\" class=\"elementor elementor-4891 elementor-280\" data-elementor-post-type=\"page\">\n\t\t\t\t<div class=\"elementor-element elementor-element-6c4719b e-flex e-con-boxed e-con e-parent\" data-id=\"6c4719b\" data-element_type=\"container\">\n\t\t\t\t\t<div class=\"e-con-inner\">\n\t\t<div class=\"elementor-element elementor-element-2785683 e-con-full e-flex e-con e-child\" data-id=\"2785683\" data-element_type=\"container\">\n\t\t\t\t<div class=\"elementor-element elementor-element-37b0d22 elementor-widget elementor-widget-heading\" data-id=\"37b0d22\" data-element_type=\"widget\" data-widget_type=\"heading.default\">\n\t\t\t\t<div class=\"elementor-widget-container\">\n\t\t\t\t\t<h2 class=\"elementor-heading-title elementor-size-default\">Hablemos\n\n\n<\/h2>\t\t\t\t<\/div>\n\t\t\t\t<\/div>\n\t\t\t\t<div class=\"elementor-element elementor-element-1e88837 elementor-widget-divider--view-line elementor-widget elementor-widget-divider\" data-id=\"1e88837\" data-element_type=\"widget\" data-widget_type=\"divider.default\">\n\t\t\t\t<div class=\"elementor-widget-container\">\n\t\t\t\t\t\t\t<div class=\"elementor-divider\">\n\t\t\t<span class=\"elementor-divider-separator\">\n\t\t\t\t\t\t<\/span>\n\t\t<\/div>\n\t\t\t\t\t\t<\/div>\n\t\t\t\t<\/div>\n\t\t\t\t<div class=\"elementor-element elementor-element-3737a78 elementor-widget elementor-widget-text-editor\" data-id=\"3737a78\" data-element_type=\"widget\" data-widget_type=\"text-editor.default\">\n\t\t\t\t<div class=\"elementor-widget-container\">\n\t\t\t\t\t\t\t\t\tDesbloquea las habilidades de tu hijo con nuestros terapeutas KOALAFIED<sup>\u00ae<\/sup>\t\t\t\t\t\t\t\t<\/div>\n\t\t\t\t<\/div>\n\t\t\t\t<div class=\"elementor-element elementor-element-ab87721 eael-wpforms-form-button-full-width eael-wpforms-labels-yes elementor-widget elementor-widget-eael-wpforms\" data-id=\"ab87721\" data-element_type=\"widget\" data-gtm-event_name=\"page_engagement\" data-gtm-component_title=\"Form Contactpage\" data-widget_type=\"eael-wpforms.default\">\n\t\t\t\t<div class=\"elementor-widget-container\">\n\t\t\t\t\t            <div class=\"eael-contact-form eael-wpforms eael-wpforms-align-default\">\n                                <div class=\"wpforms-container wpforms-container-full wpforms-render-modern\" id=\"wpforms-15\"><form id=\"wpforms-form-15\" class=\"wpforms-validate wpforms-form wpforms-ajax-form\" data-formid=\"15\" method=\"post\" enctype=\"multipart\/form-data\" action=\"\/es\/wp-json\/wp\/v2\/pages\/4891\" data-token=\"0dc1bcb5021ce006915958ad934d0058\" data-token-time=\"1776938854\"><div class=\"wpforms-head-container\"><\/div><noscript class=\"wpforms-error-noscript\">Por favor, activa JavaScript en tu navegador para completar este formulario.<\/noscript><div id=\"wpforms-error-noscript\" style=\"display: none;\">Por favor, activa JavaScript en tu navegador para completar este formulario.<\/div><div class=\"wpforms-field-container\"><div id=\"wpforms-15-field_0-container\" class=\"wpforms-field wpforms-field-name\" data-field-id=\"0\"><fieldset><legend class=\"wpforms-field-label\">Nombre <span class=\"wpforms-required-label\" aria-hidden=\"true\">*<\/span><\/legend><div class=\"wpforms-field-row wpforms-field-large\"><div class=\"wpforms-field-row-block wpforms-first wpforms-one-half\"><input type=\"text\" id=\"wpforms-15-field_0\" class=\"wpforms-field-name-first wpforms-field-required\" name=\"wpforms[fields][0][first]\" aria-errormessage=\"wpforms-15-field_0-error\" required><label for=\"wpforms-15-field_0\" class=\"wpforms-field-sublabel after\">First<\/label><\/div><div class=\"wpforms-field-row-block wpforms-one-half\"><input type=\"text\" id=\"wpforms-15-field_0-last\" class=\"wpforms-field-name-last wpforms-field-required\" name=\"wpforms[fields][0][last]\" aria-errormessage=\"wpforms-15-field_0-last-error\" required><label for=\"wpforms-15-field_0-last\" class=\"wpforms-field-sublabel after\">Last<\/label><\/div><\/div><\/fieldset><\/div><div id=\"wpforms-15-field_1-container\" class=\"wpforms-field wpforms-field-email\" data-field-id=\"1\"><label class=\"wpforms-field-label\" for=\"wpforms-15-field_1\">Correo Electr\u00f3nico <span class=\"wpforms-required-label\" aria-hidden=\"true\">*<\/span><\/label><input type=\"email\" id=\"wpforms-15-field_1\" class=\"wpforms-field-large wpforms-field-required\" name=\"wpforms[fields][1]\" spellcheck=\"false\" aria-errormessage=\"wpforms-15-field_1-error\" required><\/div><div id=\"wpforms-15-field_2-container\" class=\"wpforms-field wpforms-field-textarea\" data-field-id=\"2\"><label class=\"wpforms-field-label\" for=\"wpforms-15-field_2\">Comentario o Mensaje<\/label><textarea id=\"wpforms-15-field_2\" class=\"wpforms-field-medium\" name=\"wpforms[fields][2]\" aria-errormessage=\"wpforms-15-field_2-error\" ><\/textarea><\/div><\/div><!-- .wpforms-field-container --><div class=\"wpforms-recaptcha-container wpforms-is-recaptcha wpforms-is-recaptcha-type-v2\" ><div class=\"g-recaptcha\" data-sitekey=\"6Lf6fwcsAAAAAJUWOiRGGCfOZ744lkddTrEsv8Tt\"><\/div><input type=\"text\" name=\"g-recaptcha-hidden\" class=\"wpforms-recaptcha-hidden\" style=\"position:absolute!important;clip:rect(0,0,0,0)!important;height:1px!important;width:1px!important;border:0!important;overflow:hidden!important;padding:0!important;margin:0!important;\" data-rule-recaptcha=\"1\"><\/div><div class=\"wpforms-submit-container\" ><input type=\"hidden\" name=\"wpforms[id]\" value=\"15\"><input type=\"hidden\" name=\"page_title\" value=\"\"><input type=\"hidden\" name=\"page_url\" value=\"https:\/\/koalaaba.com\/es\/wp-json\/wp\/v2\/pages\/4891\"><input type=\"hidden\" name=\"url_referer\" value=\"\"><button type=\"submit\" name=\"wpforms[submit]\" id=\"wpforms-submit-15\" class=\"wpforms-submit\" data-alt-text=\"Enviando...\" data-submit-text=\"Enviar\" aria-live=\"assertive\" value=\"wpforms-submit\">Enviar<\/button><img decoding=\"async\" src=\"https:\/\/koalaaba.com\/wp-content\/plugins\/wpforms\/assets\/images\/submit-spin.svg\" class=\"wpforms-submit-spinner\" style=\"display: none;\" width=\"26\" height=\"26\" alt=\"Cargando\"><\/div><\/form><\/div>  <!-- .wpforms-container -->            <\/div>\n\t\t\t\t<\/div>\n\t\t\t\t<\/div>\n\t\t\t\t<\/div>\n\t\t<div class=\"elementor-element elementor-element-fcbcb98 e-con-full e-flex e-con e-child\" data-id=\"fcbcb98\" data-element_type=\"container\">\n\t\t\t\t<div class=\"elementor-element elementor-element-6facb04 elementor-widget elementor-widget-heading\" data-id=\"6facb04\" data-element_type=\"widget\" data-widget_type=\"heading.default\">\n\t\t\t\t<div class=\"elementor-widget-container\">\n\t\t\t\t\t<h2 class=\"elementor-heading-title elementor-size-default\">Nuestra informaci\u00f3n\n\n<\/h2>\t\t\t\t<\/div>\n\t\t\t\t<\/div>\n\t\t\t\t<div class=\"elementor-element elementor-element-b824c65 elementor-widget-divider--view-line elementor-widget elementor-widget-divider\" data-id=\"b824c65\" data-element_type=\"widget\" data-widget_type=\"divider.default\">\n\t\t\t\t<div class=\"elementor-widget-container\">\n\t\t\t\t\t\t\t<div class=\"elementor-divider\">\n\t\t\t<span class=\"elementor-divider-separator\">\n\t\t\t\t\t\t<\/span>\n\t\t<\/div>\n\t\t\t\t\t\t<\/div>\n\t\t\t\t<\/div>\n\t\t\t\t<div class=\"elementor-element elementor-element-fe0148e elementor-position-left elementor-vertical-align-middle item-contact elementor-widget elementor-widget-image-box\" data-id=\"fe0148e\" data-element_type=\"widget\" data-widget_type=\"image-box.default\">\n\t\t\t\t<div class=\"elementor-widget-container\">\n\t\t\t\t\t<div class=\"elementor-image-box-wrapper\"><figure class=\"elementor-image-box-img\"><img decoding=\"async\" width=\"26\" height=\"26\" src=\"https:\/\/koalaaba.com\/wp-content\/uploads\/2024\/01\/location.png\" class=\"elementor-animation-shrink attachment-full size-full wp-image-4306\" alt=\"\" \/><\/figure><div class=\"elementor-image-box-content\"><h3 class=\"elementor-image-box-title\">Direcci\u00f3n de la oficina:<\/h3><p class=\"elementor-image-box-description\">2898 NW 79th Ave\nDoral, FL 33122<\/p><\/div><\/div>\t\t\t\t<\/div>\n\t\t\t\t<\/div>\n\t\t\t\t<div class=\"elementor-element elementor-element-e92ed97 elementor-position-left elementor-vertical-align-middle item-contact elementor-widget elementor-widget-image-box\" data-id=\"e92ed97\" data-element_type=\"widget\" data-widget_type=\"image-box.default\">\n\t\t\t\t<div class=\"elementor-widget-container\">\n\t\t\t\t\t<div class=\"elementor-image-box-wrapper\"><figure class=\"elementor-image-box-img\"><img decoding=\"async\" width=\"26\" height=\"26\" src=\"https:\/\/koalaaba.com\/wp-content\/uploads\/2024\/01\/location.png\" class=\"elementor-animation-shrink attachment-full size-full wp-image-4306\" alt=\"\" \/><\/figure><div class=\"elementor-image-box-content\"><h3 class=\"elementor-image-box-title\">Ll\u00e1manos para pedir ayuda:<\/h3><p class=\"elementor-image-box-description\"><a style=\"color:#54595F\" href=\"tel:3053632969\" class=\"link-text\" data-gtm-event_name=\"page_engagement\" data-gtm-component_title=\"Phone Link\" data-gtm-value=\"305-363-2969\">305-363-2969<\/a> (o) \n<a style=\"color:#54595F\" class=\"link-text\" href=\"tel:8889937968\" data-gtm-event_name=\"page_engagement\" data-gtm-component_title=\"Phone Link\" data-gtm-value=\"888-993-7968\"> 888-993-7968<\/a><\/p><\/div><\/div>\t\t\t\t<\/div>\n\t\t\t\t<\/div>\n\t\t\t\t<div class=\"elementor-element elementor-element-98a59ad elementor-position-left elementor-vertical-align-middle item-contact elementor-widget elementor-widget-image-box\" data-id=\"98a59ad\" data-element_type=\"widget\" data-widget_type=\"image-box.default\">\n\t\t\t\t<div class=\"elementor-widget-container\">\n\t\t\t\t\t<div class=\"elementor-image-box-wrapper\"><figure class=\"elementor-image-box-img\"><img decoding=\"async\" width=\"26\" height=\"26\" src=\"https:\/\/koalaaba.com\/wp-content\/uploads\/2024\/01\/location.png\" class=\"elementor-animation-shrink attachment-full size-full wp-image-4306\" alt=\"\" \/><\/figure><div class=\"elementor-image-box-content\"><h3 class=\"elementor-image-box-title\">Informaci\u00f3n de correo:<\/h3><p class=\"elementor-image-box-description\"><a style=\"color:#54595F\" class=\"link-text\" href=\"mailto:info@koalaaba.com\" data-gtm-event_name=\"page_engagement\" data-gtm-component_title=\"Email Link\" data-gtm-value=\"info@koalaaba.com\">info@koalaaba.com<\/a><\/p><\/div><\/div>\t\t\t\t<\/div>\n\t\t\t\t<\/div>\n\t\t\t\t<div class=\"elementor-element elementor-element-3c61de0 elementor-widget elementor-widget-google_maps\" data-id=\"3c61de0\" data-element_type=\"widget\" data-widget_type=\"google_maps.default\">\n\t\t\t\t<div class=\"elementor-widget-container\">\n\t\t\t\t\t\t\t<div class=\"elementor-custom-embed\">\n\t\t\t<iframe loading=\"lazy\"\n\t\t\t\t\tsrc=\"https:\/\/maps.google.com\/maps?q=2898%20NW%2079th%20Ave%2C%20Doral%2C%20FL%2033122&#038;t=m&#038;z=15&#038;output=embed&#038;iwloc=near\"\n\t\t\t\t\ttitle=\"2898 NW 79th Ave, Doral, FL 33122\"\n\t\t\t\t\taria-label=\"2898 NW 79th Ave, Doral, FL 33122\"\n\t\t\t><\/iframe>\n\t\t<\/div>\n\t\t\t\t\t\t<\/div>\n\t\t\t\t<\/div>\n\t\t\t\t<\/div>\n\t\t\t\t\t<\/div>\n\t\t\t\t<\/div>\n\t\t\t\t<\/div>\n\t\t","protected":false},"excerpt":{"rendered":"<p>Hablemos Desbloquea las habilidades de tu hijo con nuestros terapeutas KOALAFIED\u00ae Por favor, activa JavaScript en tu navegador para completar este formulario.Por favor, activa JavaScript en tu navegador para completar este formulario. Nombre * FirstLast Correo Electr\u00f3nico *Comentario o Mensaje Enviar Nuestra informaci\u00f3n Direcci\u00f3n de la oficina: 2898 NW 79th Ave Doral, FL 33122 Ll\u00e1manos [&hellip;]<\/p>\n","protected":false},"author":4,"featured_media":0,"parent":0,"menu_order":0,"comment_status":"closed","ping_status":"closed","template":"elementor_header_footer","meta":{"_acf_changed":false,"footnotes":""},"class_list":["post-4891","page","type-page","status-publish","hentry"],"acf":[],"_links":{"self":[{"href":"https:\/\/koalaaba.com\/es\/wp-json\/wp\/v2\/pages\/4891","targetHints":{"allow":["GET"]}}],"collection":[{"href":"https:\/\/koalaaba.com\/es\/wp-json\/wp\/v2\/pages"}],"about":[{"href":"https:\/\/koalaaba.com\/es\/wp-json\/wp\/v2\/types\/page"}],"author":[{"embeddable":true,"href":"https:\/\/koalaaba.com\/es\/wp-json\/wp\/v2\/users\/4"}],"replies":[{"embeddable":true,"href":"https:\/\/koalaaba.com\/es\/wp-json\/wp\/v2\/comments?post=4891"}],"version-history":[{"count":0,"href":"https:\/\/koalaaba.com\/es\/wp-json\/wp\/v2\/pages\/4891\/revisions"}],"wp:attachment":[{"href":"https:\/\/koalaaba.com\/es\/wp-json\/wp\/v2\/media?parent=4891"}],"curies":[{"name":"wp","href":"https:\/\/api.w.org\/{rel}","templated":true}]}}