{"id":4900,"date":"2024-08-06T12:12:23","date_gmt":"2024-08-06T16:12:23","guid":{"rendered":"https:\/\/koalaaba.wpenginepowered.com\/valores-fundamentales\/"},"modified":"2025-10-31T15:42:00","modified_gmt":"2025-10-31T19:42:00","slug":"valores-fundamentales","status":"publish","type":"page","link":"https:\/\/koalaaba.com\/es\/valores-fundamentales\/","title":{"rendered":"Valores fundamentales"},"content":{"rendered":"\t\t<div data-elementor-type=\"wp-page\" data-elementor-id=\"4900\" class=\"elementor elementor-4900 elementor-3227\" data-elementor-post-type=\"page\">\n\t\t\t\t<div class=\"elementor-element elementor-element-5e17aa3f e-flex e-con-boxed e-con e-parent\" data-id=\"5e17aa3f\" data-element_type=\"container\">\n\t\t\t\t\t<div class=\"e-con-inner\">\n\t\t\t\t<div class=\"elementor-element elementor-element-701ce775 elementor-widget elementor-widget-heading\" data-id=\"701ce775\" data-element_type=\"widget\" data-widget_type=\"heading.default\">\n\t\t\t\t<div class=\"elementor-widget-container\">\n\t\t\t\t\t<h1 class=\"elementor-heading-title elementor-size-default\">Valores fundamentales<\/h1>\t\t\t\t<\/div>\n\t\t\t\t<\/div>\n\t\t\t\t<div class=\"elementor-element elementor-element-15377dba elementor-widget__width-initial elementor-widget elementor-widget-text-editor\" data-id=\"15377dba\" data-element_type=\"widget\" data-widget_type=\"text-editor.default\">\n\t\t\t\t<div class=\"elementor-widget-container\">\n\t\t\t\t\t\t\t\t\t<p>Nuestros valores fundamentales son la piedra angular de nuestro compromiso de ayudar a los ni\u00f1os y adolescentes con autismo y otros diagn\u00f3sticos del desarrollo a alcanzar todo su potencial. La integridad gu\u00eda todas nuestras acciones, garantizando la confianza y la transparencia en nuestros servicios. Damos prioridad a la formaci\u00f3n, mejorando continuamente nuestros conocimientos y habilidades para proporcionar la mejor atenci\u00f3n posible. La colaboraci\u00f3n es la clave de nuestro \u00e9xito, ya que trabajamos en estrecha colaboraci\u00f3n con los padres, los profesionales y la comunidad para crear un sistema de apoyo unificado. Mediante la innovaci\u00f3n, desarrollamos y aplicamos t\u00e9cnicas vanguardistas de modificaci\u00f3n del comportamiento.    <\/p>\n<p>Nuestro \u00e9nfasis en la adaptabilidad nos permite adaptar nuestros enfoques para satisfacer las necesidades \u00fanicas de cada ni\u00f1o. Por encima de todo, creemos que es importante divertirse, fomentando un entorno alegre y atractivo en el que todos los ni\u00f1os puedan prosperar. Estos valores impulsan nuestra misi\u00f3n de construir un futuro mejor para cada ni\u00f1o a nuestro cuidado.  <\/p>\n\t\t\t\t\t\t\t\t<\/div>\n\t\t\t\t<\/div>\n\t\t\t\t\t<\/div>\n\t\t\t\t<\/div>\n\t\t<div class=\"elementor-element elementor-element-bad2a4a e-flex e-con-boxed e-con e-parent\" data-id=\"bad2a4a\" data-element_type=\"container\">\n\t\t\t\t\t<div class=\"e-con-inner\">\n\t\t<div class=\"elementor-element elementor-element-45d87a78 e-con-full e-flex e-con e-child\" data-id=\"45d87a78\" data-element_type=\"container\" data-settings=\"{&quot;background_background&quot;:&quot;classic&quot;}\">\n\t\t\t\t<div class=\"elementor-element elementor-element-3e1944d4 elementor-widget elementor-widget-image\" data-id=\"3e1944d4\" data-element_type=\"widget\" data-widget_type=\"image.default\">\n\t\t\t\t<div class=\"elementor-widget-container\">\n\t\t\t\t\t\t\t\t\t\t\t\t\t\t\t<img fetchpriority=\"high\" decoding=\"async\" width=\"1920\" height=\"872\" src=\"https:\/\/koalaaba.com\/wp-content\/uploads\/2024\/12\/Group-7-1.png\" class=\"attachment-large size-large wp-image-5830\" alt=\"\" srcset=\"https:\/\/koalaaba.com\/wp-content\/uploads\/2024\/12\/Group-7-1.png 1920w, https:\/\/koalaaba.com\/wp-content\/uploads\/2024\/12\/Group-7-1-768x349.png 768w, https:\/\/koalaaba.com\/wp-content\/uploads\/2024\/12\/Group-7-1-1536x698.png 1536w\" sizes=\"(max-width: 1920px) 100vw, 1920px\" \/>\t\t\t\t\t\t\t\t\t\t\t\t\t\t\t<\/div>\n\t\t\t\t<\/div>\n\t\t\t\t<\/div>\n\t\t\t\t\t<\/div>\n\t\t\t\t<\/div>\n\t\t\t\t<\/div>\n\t\t","protected":false},"excerpt":{"rendered":"<p>Valores fundamentales Nuestros valores fundamentales son la piedra angular de nuestro compromiso de ayudar a los ni\u00f1os y adolescentes con autismo y otros diagn\u00f3sticos del desarrollo a alcanzar todo su potencial. La integridad gu\u00eda todas nuestras acciones, garantizando la confianza y la transparencia en nuestros servicios. Damos prioridad a la formaci\u00f3n, mejorando continuamente nuestros conocimientos [&hellip;]<\/p>\n","protected":false},"author":6,"featured_media":0,"parent":0,"menu_order":0,"comment_status":"closed","ping_status":"closed","template":"elementor_header_footer","meta":{"_acf_changed":false,"footnotes":""},"class_list":["post-4900","page","type-page","status-publish","hentry"],"acf":[],"_links":{"self":[{"href":"https:\/\/koalaaba.com\/es\/wp-json\/wp\/v2\/pages\/4900","targetHints":{"allow":["GET"]}}],"collection":[{"href":"https:\/\/koalaaba.com\/es\/wp-json\/wp\/v2\/pages"}],"about":[{"href":"https:\/\/koalaaba.com\/es\/wp-json\/wp\/v2\/types\/page"}],"author":[{"embeddable":true,"href":"https:\/\/koalaaba.com\/es\/wp-json\/wp\/v2\/users\/6"}],"replies":[{"embeddable":true,"href":"https:\/\/koalaaba.com\/es\/wp-json\/wp\/v2\/comments?post=4900"}],"version-history":[{"count":0,"href":"https:\/\/koalaaba.com\/es\/wp-json\/wp\/v2\/pages\/4900\/revisions"}],"wp:attachment":[{"href":"https:\/\/koalaaba.com\/es\/wp-json\/wp\/v2\/media?parent=4900"}],"curies":[{"name":"wp","href":"https:\/\/api.w.org\/{rel}","templated":true}]}}