{"id":4917,"date":"2024-02-04T18:38:04","date_gmt":"2024-02-04T23:38:04","guid":{"rendered":"https:\/\/koalaaba.wpenginepowered.com\/inscripcion\/"},"modified":"2024-10-10T11:30:18","modified_gmt":"2024-10-10T15:30:18","slug":"inscripcion","status":"publish","type":"page","link":"https:\/\/koalaaba.com\/es\/inscripcion\/","title":{"rendered":"Inscripci\u00f3n"},"content":{"rendered":"\t\t<div data-elementor-type=\"wp-page\" data-elementor-id=\"4917\" class=\"elementor elementor-4917 elementor-481\" data-elementor-post-type=\"page\">\n\t\t\t\t<div class=\"elementor-element elementor-element-dc16931 e-flex e-con-boxed e-con e-parent\" data-id=\"dc16931\" data-element_type=\"container\">\n\t\t\t\t\t<div class=\"e-con-inner\">\n\t\t<div class=\"elementor-element elementor-element-41bac01 e-con-full e-flex e-con e-child\" data-id=\"41bac01\" data-element_type=\"container\" data-settings=\"{&quot;background_background&quot;:&quot;classic&quot;}\">\n\t\t\t\t<div class=\"elementor-element elementor-element-31b5c75 elementor-widget elementor-widget-heading\" data-id=\"31b5c75\" data-element_type=\"widget\" data-widget_type=\"heading.default\">\n\t\t\t\t<div class=\"elementor-widget-container\">\n\t\t\t\t\t<h2 class=\"elementor-heading-title elementor-size-default\">Formulario de inscripci\u00f3n<\/h2>\t\t\t\t<\/div>\n\t\t\t\t<\/div>\n\t\t\t\t<div class=\"elementor-element elementor-element-4bf8574 elementor-widget__width-initial elementor-widget-mobile__width-inherit elementor-widget elementor-widget-text-editor\" data-id=\"4bf8574\" data-element_type=\"widget\" data-widget_type=\"text-editor.default\">\n\t\t\t\t<div class=\"elementor-widget-container\">\n\t\t\t\t\t\t\t\t\tRellena el siguiente formulario y un representante de nuestro equipo se pondr\u00e1 en contacto contigo dentro de 24 horas.\nTambi\u00e9n puedes llamar al <a class=\"link-text\" href=\"tel:3053632969\" data-gtm-event_name=\"page_engagement\" data-gtm-component_title=\"Phone Link\" data-gtm-value=\"305-363-2969\">305-363-2969<\/a> o enviar un correo electr\u00f3nico a <a class=\"link-text\" href=\"mailto:info@koalaaba.com\" data-gtm-event_name=\"page_engagement\" data-gtm-component_title=\"Email Link\" data-gtm-value=\"info@koalaaba.com\">info@koalaaba.com<\/a> para ponerte en contacto con nosotros.\t\t\t\t\t\t\t\t<\/div>\n\t\t\t\t<\/div>\n\t\t\t\t<div class=\"elementor-element elementor-element-6cf3683 eael-wpforms-form-button-full-width elementor-widget__width-inherit eael-wpforms-labels-yes elementor-widget elementor-widget-eael-wpforms\" data-id=\"6cf3683\" data-element_type=\"widget\" data-widget_type=\"eael-wpforms.default\">\n\t\t\t\t<div class=\"elementor-widget-container\">\n\t\t\t\t\t            <div class=\"eael-contact-form eael-wpforms eael-wpforms-align-default\">\n                                <div class=\"wpforms-container wpforms-container-full wpforms-render-modern\" id=\"wpforms-13\"><form id=\"wpforms-form-13\" class=\"wpforms-validate wpforms-form wpforms-ajax-form\" data-formid=\"13\" method=\"post\" enctype=\"multipart\/form-data\" action=\"\/es\/wp-json\/wp\/v2\/pages\/4917\" data-token=\"83456b7991c111278a382a5aeb6ab9a7\" data-token-time=\"1776761242\"><noscript class=\"wpforms-error-noscript\">Por favor, activa JavaScript en tu navegador para completar este formulario.<\/noscript><div id=\"wpforms-error-noscript\" style=\"display: none;\">Por favor, activa JavaScript en tu navegador para completar este formulario.<\/div><div class=\"wpforms-field-container\"><div id=\"wpforms-13-field_1-container\" class=\"wpforms-field wpforms-field-layout\" data-field-id=\"1\"><div class=\"wpforms-field-layout-columns wpforms-field-layout-preset-50-50\"><div class=\"wpforms-layout-column wpforms-layout-column-50\" ><div id=\"wpforms-13-field_2-container\" class=\"wpforms-field wpforms-field-text\" data-field-id=\"2\"><label class=\"wpforms-field-label\" for=\"wpforms-13-field_2\">Child&#039;s Full Name <span class=\"wpforms-required-label\" aria-hidden=\"true\">*<\/span><\/label><input type=\"text\" id=\"wpforms-13-field_2\" class=\"wpforms-field-medium wpforms-field-required\" name=\"wpforms[fields][2]\" aria-errormessage=\"wpforms-13-field_2-error\" required><\/div><div id=\"wpforms-13-field_4-container\" class=\"wpforms-field wpforms-field-date-time\" data-field-id=\"4\"><label class=\"wpforms-field-label\" for=\"wpforms-13-field_4\">Child&#039;s Date of Birth <span class=\"wpforms-required-label\" aria-hidden=\"true\">*<\/span><\/label><div class=\"wpforms-datepicker-wrap\"><input type=\"text\" id=\"wpforms-13-field_4\" class=\"wpforms-field-date-time-date wpforms-datepicker wpforms-field-required wpforms-field-medium\" data-date-format=\"m\/d\/Y\" data-disable-past-dates=\"0\" data-input=\"true\" name=\"wpforms[fields][4][date]\" aria-errormessage=\"wpforms-13-field_4-error\" required><a title=\"Clear Date\" data-clear role=\"button\" tabindex=\"0\" class=\"wpforms-datepicker-clear\" aria-label=\"Clear Date\" style=\"display:none;\"><\/a><\/div><\/div><div id=\"wpforms-13-field_8-container\" class=\"wpforms-field wpforms-field-phone\" data-field-id=\"8\"><label class=\"wpforms-field-label\" for=\"wpforms-13-field_8\">Parent&#039;s \/ Caregiver Phone <span class=\"wpforms-required-label\" aria-hidden=\"true\">*<\/span><\/label><input type=\"tel\" id=\"wpforms-13-field_8\" class=\"wpforms-field-medium wpforms-field-required wpforms-masked-input\" data-inputmask=\"&#039;mask&#039;: &#039;(999) 999-9999&#039;\" data-rule-us-phone-field=\"true\" data-inputmask-inputmode=\"tel\" name=\"wpforms[fields][8]\" placeholder=\"000-000-0000\" aria-label=\"Parent&#039;s \/ Caregiver Phone\" aria-errormessage=\"wpforms-13-field_8-error\" required><\/div><\/div><div class=\"wpforms-layout-column wpforms-layout-column-50\" ><div id=\"wpforms-13-field_3-container\" class=\"wpforms-field wpforms-field-text\" data-field-id=\"3\"><label class=\"wpforms-field-label\" for=\"wpforms-13-field_3\">Parent&#039;s Full Name <span class=\"wpforms-required-label\" aria-hidden=\"true\">*<\/span><\/label><input type=\"text\" id=\"wpforms-13-field_3\" class=\"wpforms-field-medium wpforms-field-required\" name=\"wpforms[fields][3]\" aria-errormessage=\"wpforms-13-field_3-error\" required><\/div><div id=\"wpforms-13-field_6-container\" class=\"wpforms-field wpforms-field-text\" data-field-id=\"6\"><label class=\"wpforms-field-label\" for=\"wpforms-13-field_6\">Home Address <span class=\"wpforms-required-label\" aria-hidden=\"true\">*<\/span><\/label><input type=\"text\" id=\"wpforms-13-field_6\" class=\"wpforms-field-medium wpforms-field-required\" name=\"wpforms[fields][6]\" placeholder=\"Calle, Ciudad, Estado, C\u00f3digo Postal\" aria-errormessage=\"wpforms-13-field_6-error\" required><\/div><div id=\"wpforms-13-field_9-container\" class=\"wpforms-field wpforms-field-email\" data-field-id=\"9\"><label class=\"wpforms-field-label\" for=\"wpforms-13-field_9\">Email <span class=\"wpforms-required-label\" aria-hidden=\"true\">*<\/span><\/label><input type=\"email\" id=\"wpforms-13-field_9\" class=\"wpforms-field-medium wpforms-field-required\" name=\"wpforms[fields][9]\" placeholder=\"your@email.com\" spellcheck=\"false\" aria-errormessage=\"wpforms-13-field_9-error\" required><\/div><\/div><\/div><\/div><div id=\"wpforms-13-field_22-container\" class=\"wpforms-field wpforms-field-layout\" data-field-id=\"22\"><div class=\"wpforms-field-layout-columns wpforms-field-layout-preset-50-50\"><div class=\"wpforms-layout-column wpforms-layout-column-50\" ><div id=\"wpforms-13-field_20-container\" class=\"wpforms-field wpforms-field-select wpforms-field-select-style-classic\" data-field-id=\"20\"><label class=\"wpforms-field-label\" for=\"wpforms-13-field_20\">Has your child been diagnosed wit Autism Spectrum Disorder?<\/label><select id=\"wpforms-13-field_20\" class=\"wpforms-field-medium\" name=\"wpforms[fields][20]\"><option value=\"\" class=\"placeholder\" disabled  selected='selected'>Please Select<\/option><option value=\"Yes\"  class=\"choice-1 depth-1\"  >Yes<\/option><option value=\"No\"  class=\"choice-2 depth-1\"  >No<\/option><\/select><\/div><div id=\"wpforms-13-field_23-container\" class=\"wpforms-field wpforms-field-select wpforms-field-select-style-classic\" data-field-id=\"23\"><label class=\"wpforms-field-label\" for=\"wpforms-13-field_23\">Service <span class=\"wpforms-required-label\" aria-hidden=\"true\">*<\/span><\/label><select id=\"wpforms-13-field_23\" class=\"wpforms-field-medium wpforms-field-required\" name=\"wpforms[fields][23]\" required=\"required\"><option value=\"\" class=\"placeholder\" disabled  selected='selected'>Please Select<\/option><option value=\"ABA Therapy\"  class=\"choice-1 depth-1\"  >ABA Therapy<\/option><option value=\"Occupational Therapy\"  class=\"choice-2 depth-1\"  >Occupational Therapy<\/option><option value=\"Physical Therapy\"  class=\"choice-3 depth-1\"  >Physical Therapy<\/option><option value=\"Speech Therapy\"  class=\"choice-4 depth-1\"  >Speech Therapy<\/option><option value=\"NeuroMod\"  class=\"choice-5 depth-1\"  >NeuroMod<\/option><\/select><\/div><\/div><div class=\"wpforms-layout-column wpforms-layout-column-50\" ><div id=\"wpforms-13-field_21-container\" class=\"wpforms-field wpforms-field-select wpforms-field-select-style-classic\" data-field-id=\"21\"><label class=\"wpforms-field-label\" for=\"wpforms-13-field_21\">Has your child been diagnosed with any other mental health disorder<\/label><select id=\"wpforms-13-field_21\" class=\"wpforms-field-medium\" name=\"wpforms[fields][21]\"><option value=\"\" class=\"placeholder\" disabled  selected='selected'>Please Select<\/option><option value=\"Yes\"  class=\"choice-1 depth-1\"  >Yes<\/option><option value=\"No\"  class=\"choice-2 depth-1\"  >No<\/option><\/select><\/div><\/div><\/div><\/div><div id=\"wpforms-13-field_24-container\" class=\"wpforms-field wpforms-field-textarea\" data-field-id=\"24\"><label class=\"wpforms-field-label\" for=\"wpforms-13-field_24\">Your Message<\/label><textarea id=\"wpforms-13-field_24\" class=\"wpforms-field-large\" name=\"wpforms[fields][24]\" placeholder=\"Please type message\/comments here...\" aria-errormessage=\"wpforms-13-field_24-error\" ><\/textarea><\/div><\/div><!-- .wpforms-field-container --><div class=\"wpforms-recaptcha-container wpforms-is-recaptcha wpforms-is-recaptcha-type-v2\" ><div class=\"g-recaptcha\" data-sitekey=\"6Lf6fwcsAAAAAJUWOiRGGCfOZ744lkddTrEsv8Tt\"><\/div><input type=\"text\" name=\"g-recaptcha-hidden\" class=\"wpforms-recaptcha-hidden\" style=\"position:absolute!important;clip:rect(0,0,0,0)!important;height:1px!important;width:1px!important;border:0!important;overflow:hidden!important;padding:0!important;margin:0!important;\" data-rule-recaptcha=\"1\"><\/div><div class=\"wpforms-submit-container\" ><input type=\"hidden\" name=\"wpforms[id]\" value=\"13\"><input type=\"hidden\" name=\"page_title\" value=\"\"><input type=\"hidden\" name=\"page_url\" value=\"https:\/\/koalaaba.com\/es\/wp-json\/wp\/v2\/pages\/4917\"><input type=\"hidden\" name=\"url_referer\" value=\"\"><button type=\"submit\" name=\"wpforms[submit]\" id=\"wpforms-submit-13\" class=\"wpforms-submit\" data-alt-text=\"Sending...\" data-submit-text=\"Submit\" aria-live=\"assertive\" value=\"wpforms-submit\">Submit<\/button><img decoding=\"async\" src=\"https:\/\/koalaaba.com\/wp-content\/plugins\/wpforms\/assets\/images\/submit-spin.svg\" class=\"wpforms-submit-spinner\" style=\"display: none;\" width=\"26\" height=\"26\" alt=\"Cargando\"><\/div><\/form><\/div>  <!-- .wpforms-container -->            <\/div>\n\t\t\t\t<\/div>\n\t\t\t\t<\/div>\n\t\t\t\t<\/div>\n\t\t\t\t\t<\/div>\n\t\t\t\t<\/div>\n\t\t\t\t<\/div>\n\t\t","protected":false},"excerpt":{"rendered":"<p>Formulario de inscripci\u00f3n Rellena el siguiente formulario y un representante de nuestro equipo se pondr\u00e1 en contacto contigo dentro de 24 horas. Tambi\u00e9n puedes llamar al 305-363-2969 o enviar un correo electr\u00f3nico a info@koalaaba.com para ponerte en contacto con nosotros. Please enable JavaScript in your browser to complete this form.Please enable JavaScript in your browser [&hellip;]<\/p>\n","protected":false},"author":4,"featured_media":0,"parent":0,"menu_order":0,"comment_status":"closed","ping_status":"closed","template":"elementor_header_footer","meta":{"_acf_changed":false,"footnotes":""},"class_list":["post-4917","page","type-page","status-publish","hentry"],"acf":[],"_links":{"self":[{"href":"https:\/\/koalaaba.com\/es\/wp-json\/wp\/v2\/pages\/4917","targetHints":{"allow":["GET"]}}],"collection":[{"href":"https:\/\/koalaaba.com\/es\/wp-json\/wp\/v2\/pages"}],"about":[{"href":"https:\/\/koalaaba.com\/es\/wp-json\/wp\/v2\/types\/page"}],"author":[{"embeddable":true,"href":"https:\/\/koalaaba.com\/es\/wp-json\/wp\/v2\/users\/4"}],"replies":[{"embeddable":true,"href":"https:\/\/koalaaba.com\/es\/wp-json\/wp\/v2\/comments?post=4917"}],"version-history":[{"count":0,"href":"https:\/\/koalaaba.com\/es\/wp-json\/wp\/v2\/pages\/4917\/revisions"}],"wp:attachment":[{"href":"https:\/\/koalaaba.com\/es\/wp-json\/wp\/v2\/media?parent=4917"}],"curies":[{"name":"wp","href":"https:\/\/api.w.org\/{rel}","templated":true}]}}