{"id":8216,"date":"2025-07-23T12:18:45","date_gmt":"2025-07-23T16:18:45","guid":{"rendered":"https:\/\/koalaaba.wpenginepowered.com\/licencia-de-sucursal-de-koala\/"},"modified":"2025-10-31T15:02:10","modified_gmt":"2025-10-31T19:02:10","slug":"licencia-de-sucursal-de-koala","status":"publish","type":"page","link":"https:\/\/koalaaba.com\/es\/licencia-de-sucursal-de-koala\/","title":{"rendered":"Licencia de sucursal de Koala"},"content":{"rendered":"\t\t<div data-elementor-type=\"wp-page\" data-elementor-id=\"8216\" class=\"elementor elementor-8216 elementor-8175\" data-elementor-post-type=\"page\">\n\t\t\t\t<div class=\"elementor-element elementor-element-774a3880 e-flex e-con-boxed e-con e-parent\" data-id=\"774a3880\" data-element_type=\"container\">\n\t\t\t\t\t<div class=\"e-con-inner\">\n\t\t\t\t<div class=\"elementor-element elementor-element-3f53133b elementor-widget elementor-widget-heading\" data-id=\"3f53133b\" data-element_type=\"widget\" data-widget_type=\"heading.default\">\n\t\t\t\t<div class=\"elementor-widget-container\">\n\t\t\t\t\t<h1 class=\"elementor-heading-title elementor-size-default\">Licencia de sucursal de Koala<\/h1>\t\t\t\t<\/div>\n\t\t\t\t<\/div>\n\t\t\t\t\t<\/div>\n\t\t\t\t<\/div>\n\t\t<div class=\"elementor-element elementor-element-617eb8f2 e-flex e-con-boxed e-con e-parent\" data-id=\"617eb8f2\" data-element_type=\"container\">\n\t\t\t\t\t<div class=\"e-con-inner\">\n\t\t<div class=\"elementor-element elementor-element-5b5b20b1 e-con-full e-flex e-con e-child\" data-id=\"5b5b20b1\" data-element_type=\"container\">\n\t\t<div class=\"elementor-element elementor-element-1b6b8198 e-con-full e-flex e-con e-child\" data-id=\"1b6b8198\" data-element_type=\"container\">\n\t\t<div class=\"elementor-element elementor-element-38a96123 e-flex e-con-boxed e-con e-child\" data-id=\"38a96123\" data-element_type=\"container\" data-settings=\"{&quot;background_background&quot;:&quot;classic&quot;}\">\n\t\t\t\t\t<div class=\"e-con-inner\">\n\t\t\t\t\t<\/div>\n\t\t\t\t<\/div>\n\t\t<div class=\"elementor-element elementor-element-19d00d7c e-flex e-con-boxed e-con e-child\" data-id=\"19d00d7c\" data-element_type=\"container\">\n\t\t\t\t\t<div class=\"e-con-inner\">\n\t\t\t\t<div class=\"elementor-element elementor-element-23fa9b73 elementor-widget__width-initial elementor-widget elementor-widget-text-editor\" data-id=\"23fa9b73\" data-element_type=\"widget\" data-widget_type=\"text-editor.default\">\n\t\t\t\t<div class=\"elementor-widget-container\">\n\t\t\t\t\t\t\t\t\t<p>Con KOALA ABA &amp; Learning Centers contar\u00e1s con apoyo integral y un plan de salida.<\/p>\n\t\t\t\t\t\t\t\t<\/div>\n\t\t\t\t<\/div>\n\t\t\t\t\t<\/div>\n\t\t\t\t<\/div>\n\t\t\t\t<\/div>\n\t\t\t\t<\/div>\n\t\t<div class=\"elementor-element elementor-element-6e349ac0 e-con-full e-flex e-con e-child\" data-id=\"6e349ac0\" data-element_type=\"container\">\n\t\t<div class=\"elementor-element elementor-element-54c4b562 e-con-full e-flex e-con e-child\" data-id=\"54c4b562\" data-element_type=\"container\">\n\t\t<div class=\"elementor-element elementor-element-4765eb2 e-flex e-con-boxed e-con e-child\" data-id=\"4765eb2\" data-element_type=\"container\" data-settings=\"{&quot;background_background&quot;:&quot;classic&quot;}\">\n\t\t\t\t\t<div class=\"e-con-inner\">\n\t\t\t\t\t<\/div>\n\t\t\t\t<\/div>\n\t\t<div class=\"elementor-element elementor-element-5ad02a15 e-flex e-con-boxed e-con e-child\" data-id=\"5ad02a15\" data-element_type=\"container\">\n\t\t\t\t\t<div class=\"e-con-inner\">\n\t\t\t\t<div class=\"elementor-element elementor-element-24968c34 elementor-widget elementor-widget-text-editor\" data-id=\"24968c34\" data-element_type=\"widget\" data-widget_type=\"text-editor.default\">\n\t\t\t\t<div class=\"elementor-widget-container\">\n\t\t\t\t\t\t\t\t\t<p>&#8220;El riesgo es la \u00fanica constante en los negocios. Tu capacidad para gestionarlo determinar\u00e1 tu \u00e9xito.&#8221;<\/p>\n<p style=\"text-align: right;\"><strong>Pedro V. Curbelo<\/strong><\/p>\n\t\t\t\t\t\t\t\t<\/div>\n\t\t\t\t<\/div>\n\t\t\t\t\t<\/div>\n\t\t\t\t<\/div>\n\t\t\t\t<\/div>\n\t\t\t\t<\/div>\n\t\t\t\t\t<\/div>\n\t\t\t\t<\/div>\n\t\t<div class=\"elementor-element elementor-element-59106930 e-flex e-con-boxed e-con e-parent\" data-id=\"59106930\" data-element_type=\"container\">\n\t\t\t\t\t<div class=\"e-con-inner\">\n\t\t\t\t<div class=\"elementor-element elementor-element-651ba8de elementor-widget-mobile__width-initial elementor-widget__width-initial elementor-widget elementor-widget-heading\" data-id=\"651ba8de\" data-element_type=\"widget\" data-widget_type=\"heading.default\">\n\t\t\t\t<div class=\"elementor-widget-container\">\n\t\t\t\t\t<h2 class=\"elementor-heading-title elementor-size-default\">Poseer y operar una sucursal de Koala ABA \n&amp; Learning Centers<\/h2>\t\t\t\t<\/div>\n\t\t\t\t<\/div>\n\t\t\t\t<div class=\"elementor-element elementor-element-2c5ad5df elementor-widget__width-initial elementor-widget elementor-widget-text-editor\" data-id=\"2c5ad5df\" data-element_type=\"widget\" data-widget_type=\"text-editor.default\">\n\t\t\t\t<div class=\"elementor-widget-container\">\n\t\t\t\t\t\t\t\t\t<p>Koala ABA &amp; Learning Centers es una red de cl\u00ednicas de salud conductual operada por socios que combinan la medicina neurofuncional, la educaci\u00f3n y la terapia multidisciplinaria en un \u00fanico modelo integrado.<\/p>\n\t\t\t\t\t\t\t\t<\/div>\n\t\t\t\t<\/div>\n\t\t\t\t<div class=\"elementor-element elementor-element-21e5584b e-transform elementor-widget elementor-widget-button\" data-id=\"21e5584b\" data-element_type=\"widget\" data-settings=\"{&quot;_transform_translateX_effect&quot;:{&quot;unit&quot;:&quot;%&quot;,&quot;size&quot;:&quot;&quot;,&quot;sizes&quot;:[]},&quot;_transform_translateX_effect_laptop&quot;:{&quot;unit&quot;:&quot;%&quot;,&quot;size&quot;:&quot;&quot;,&quot;sizes&quot;:[]},&quot;_transform_translateX_effect_tablet_extra&quot;:{&quot;unit&quot;:&quot;%&quot;,&quot;size&quot;:&quot;&quot;,&quot;sizes&quot;:[]},&quot;_transform_translateX_effect_tablet&quot;:{&quot;unit&quot;:&quot;%&quot;,&quot;size&quot;:&quot;&quot;,&quot;sizes&quot;:[]},&quot;_transform_translateX_effect_mobile_extra&quot;:{&quot;unit&quot;:&quot;%&quot;,&quot;size&quot;:&quot;&quot;,&quot;sizes&quot;:[]},&quot;_transform_translateX_effect_mobile&quot;:{&quot;unit&quot;:&quot;%&quot;,&quot;size&quot;:&quot;&quot;,&quot;sizes&quot;:[]},&quot;_transform_translateX_effect_widescreen&quot;:{&quot;unit&quot;:&quot;px&quot;,&quot;size&quot;:&quot;&quot;,&quot;sizes&quot;:[]},&quot;_transform_translateY_effect&quot;:{&quot;unit&quot;:&quot;px&quot;,&quot;size&quot;:&quot;&quot;,&quot;sizes&quot;:[]},&quot;_transform_translateY_effect_widescreen&quot;:{&quot;unit&quot;:&quot;px&quot;,&quot;size&quot;:&quot;&quot;,&quot;sizes&quot;:[]},&quot;_transform_translateY_effect_laptop&quot;:{&quot;unit&quot;:&quot;px&quot;,&quot;size&quot;:&quot;&quot;,&quot;sizes&quot;:[]},&quot;_transform_translateY_effect_tablet_extra&quot;:{&quot;unit&quot;:&quot;px&quot;,&quot;size&quot;:&quot;&quot;,&quot;sizes&quot;:[]},&quot;_transform_translateY_effect_tablet&quot;:{&quot;unit&quot;:&quot;px&quot;,&quot;size&quot;:&quot;&quot;,&quot;sizes&quot;:[]},&quot;_transform_translateY_effect_mobile_extra&quot;:{&quot;unit&quot;:&quot;px&quot;,&quot;size&quot;:&quot;&quot;,&quot;sizes&quot;:[]},&quot;_transform_translateY_effect_mobile&quot;:{&quot;unit&quot;:&quot;px&quot;,&quot;size&quot;:&quot;&quot;,&quot;sizes&quot;:[]}}\" data-widget_type=\"button.default\">\n\t\t\t\t<div class=\"elementor-widget-container\">\n\t\t\t\t\t\t\t\t\t<div class=\"elementor-button-wrapper\">\n\t\t\t\t\t<a class=\"elementor-button elementor-button-link elementor-size-sm\" href=\"https:\/\/koalaaba.com\/es\/inscripcion-en-el-formulario-de-licencia-de-la-sucursal-koala\/\">\n\t\t\t\t\t\t<span class=\"elementor-button-content-wrapper\">\n\t\t\t\t\t\t\t\t\t<span class=\"elementor-button-text\">\u00a1Programe una presentaci\u00f3n hoy!<\/span>\n\t\t\t\t\t<\/span>\n\t\t\t\t\t<\/a>\n\t\t\t\t<\/div>\n\t\t\t\t\t\t\t\t<\/div>\n\t\t\t\t<\/div>\n\t\t\t\t\t<\/div>\n\t\t\t\t<\/div>\n\t\t<div class=\"elementor-element elementor-element-5bdc9796 e-flex e-con-boxed e-con e-parent\" data-id=\"5bdc9796\" data-element_type=\"container\" data-settings=\"{&quot;background_background&quot;:&quot;classic&quot;}\">\n\t\t\t\t\t<div class=\"e-con-inner\">\n\t\t<div class=\"elementor-element elementor-element-3c884cba e-con-full e-flex e-con e-child\" data-id=\"3c884cba\" data-element_type=\"container\">\n\t\t\t\t<div class=\"elementor-element elementor-element-6529e1ec elementor-widget elementor-widget-image\" data-id=\"6529e1ec\" data-element_type=\"widget\" data-widget_type=\"image.default\">\n\t\t\t\t<div class=\"elementor-widget-container\">\n\t\t\t\t\t\t\t\t\t\t\t\t\t\t\t<img fetchpriority=\"high\" decoding=\"async\" width=\"336\" height=\"336\" src=\"https:\/\/koalaaba.com\/wp-content\/uploads\/2025\/07\/Rectangle-123.png\" class=\"attachment-large size-large wp-image-8223\" alt=\"\" \/>\t\t\t\t\t\t\t\t\t\t\t\t\t\t\t<\/div>\n\t\t\t\t<\/div>\n\t\t\t\t<\/div>\n\t\t<div class=\"elementor-element elementor-element-40d916cb e-con-full e-flex e-con e-child\" data-id=\"40d916cb\" data-element_type=\"container\">\n\t\t\t\t<div class=\"elementor-element elementor-element-4e43bfb2 elementor-widget-mobile__width-initial elementor-widget elementor-widget-heading\" data-id=\"4e43bfb2\" data-element_type=\"widget\" data-widget_type=\"heading.default\">\n\t\t\t\t<div class=\"elementor-widget-container\">\n\t\t\t\t\t<h2 class=\"elementor-heading-title elementor-size-default\">\u00a1As\u00f3ciese con nosotros!<\/h2>\t\t\t\t<\/div>\n\t\t\t\t<\/div>\n\t\t\t\t<div class=\"elementor-element elementor-element-6b6e5098 elementor-widget__width-initial elementor-widget elementor-widget-text-editor\" data-id=\"6b6e5098\" data-element_type=\"widget\" data-widget_type=\"text-editor.default\">\n\t\t\t\t<div class=\"elementor-widget-container\">\n\t\t\t\t\t\t\t\t\t<p>Con el apoyo de nuestro modelo comercial comprobado y los consultores cl\u00ednicos y comerciales de KOALAFIED\u00ae, los socios operadores reciben orientaci\u00f3n pr\u00e1ctica para construir y expandir una cl\u00ednica de salud conductual que fusiona ABA, habla, fisioterapia\/terapia ocupacional, educaci\u00f3n y medicina neurofuncional bajo un solo paraguas cohesivo.<\/p>\n\t\t\t\t\t\t\t\t<\/div>\n\t\t\t\t<\/div>\n\t\t\t\t<div class=\"elementor-element elementor-element-63a0f42e e-transform elementor-widget elementor-widget-button\" data-id=\"63a0f42e\" data-element_type=\"widget\" data-settings=\"{&quot;_transform_translateX_effect&quot;:{&quot;unit&quot;:&quot;%&quot;,&quot;size&quot;:&quot;&quot;,&quot;sizes&quot;:[]},&quot;_transform_translateX_effect_laptop&quot;:{&quot;unit&quot;:&quot;%&quot;,&quot;size&quot;:&quot;&quot;,&quot;sizes&quot;:[]},&quot;_transform_translateX_effect_tablet_extra&quot;:{&quot;unit&quot;:&quot;%&quot;,&quot;size&quot;:&quot;&quot;,&quot;sizes&quot;:[]},&quot;_transform_translateX_effect_tablet&quot;:{&quot;unit&quot;:&quot;%&quot;,&quot;size&quot;:&quot;&quot;,&quot;sizes&quot;:[]},&quot;_transform_translateX_effect_mobile_extra&quot;:{&quot;unit&quot;:&quot;%&quot;,&quot;size&quot;:&quot;&quot;,&quot;sizes&quot;:[]},&quot;_transform_translateX_effect_mobile&quot;:{&quot;unit&quot;:&quot;%&quot;,&quot;size&quot;:&quot;&quot;,&quot;sizes&quot;:[]},&quot;_transform_translateX_effect_widescreen&quot;:{&quot;unit&quot;:&quot;px&quot;,&quot;size&quot;:&quot;&quot;,&quot;sizes&quot;:[]},&quot;_transform_translateY_effect&quot;:{&quot;unit&quot;:&quot;px&quot;,&quot;size&quot;:&quot;&quot;,&quot;sizes&quot;:[]},&quot;_transform_translateY_effect_widescreen&quot;:{&quot;unit&quot;:&quot;px&quot;,&quot;size&quot;:&quot;&quot;,&quot;sizes&quot;:[]},&quot;_transform_translateY_effect_laptop&quot;:{&quot;unit&quot;:&quot;px&quot;,&quot;size&quot;:&quot;&quot;,&quot;sizes&quot;:[]},&quot;_transform_translateY_effect_tablet_extra&quot;:{&quot;unit&quot;:&quot;px&quot;,&quot;size&quot;:&quot;&quot;,&quot;sizes&quot;:[]},&quot;_transform_translateY_effect_tablet&quot;:{&quot;unit&quot;:&quot;px&quot;,&quot;size&quot;:&quot;&quot;,&quot;sizes&quot;:[]},&quot;_transform_translateY_effect_mobile_extra&quot;:{&quot;unit&quot;:&quot;px&quot;,&quot;size&quot;:&quot;&quot;,&quot;sizes&quot;:[]},&quot;_transform_translateY_effect_mobile&quot;:{&quot;unit&quot;:&quot;px&quot;,&quot;size&quot;:&quot;&quot;,&quot;sizes&quot;:[]}}\" data-widget_type=\"button.default\">\n\t\t\t\t<div class=\"elementor-widget-container\">\n\t\t\t\t\t\t\t\t\t<div class=\"elementor-button-wrapper\">\n\t\t\t\t\t<a class=\"elementor-button elementor-button-link elementor-size-sm\" href=\"https:\/\/koalaaba.com\/es\/inscripcion-en-el-formulario-de-licencia-de-la-sucursal-koala\/\">\n\t\t\t\t\t\t<span class=\"elementor-button-content-wrapper\">\n\t\t\t\t\t\t\t\t\t<span class=\"elementor-button-text\">\u00a1EMPIEZA HOY! <\/span>\n\t\t\t\t\t<\/span>\n\t\t\t\t\t<\/a>\n\t\t\t\t<\/div>\n\t\t\t\t\t\t\t\t<\/div>\n\t\t\t\t<\/div>\n\t\t\t\t<\/div>\n\t\t\t\t\t<\/div>\n\t\t\t\t<\/div>\n\t\t<div class=\"elementor-element elementor-element-7f5703da e-flex e-con-boxed e-con e-parent\" data-id=\"7f5703da\" data-element_type=\"container\" data-settings=\"{&quot;background_background&quot;:&quot;classic&quot;}\">\n\t\t\t\t\t<div class=\"e-con-inner\">\n\t\t<div class=\"elementor-element elementor-element-4bf9a863 e-con-full e-flex e-con e-child\" data-id=\"4bf9a863\" data-element_type=\"container\" data-settings=\"{&quot;background_background&quot;:&quot;classic&quot;}\">\n\t\t\t\t<div class=\"elementor-element elementor-element-300288e7 elementor-widget-mobile__width-initial elementor-widget elementor-widget-heading\" data-id=\"300288e7\" data-element_type=\"widget\" data-widget_type=\"heading.default\">\n\t\t\t\t<div class=\"elementor-widget-container\">\n\t\t\t\t\t<h3 class=\"elementor-heading-title elementor-size-default\">Requisitos para tener una Sucursal Koala:<\/h3>\t\t\t\t<\/div>\n\t\t\t\t<\/div>\n\t\t\t\t<div class=\"elementor-element elementor-element-44dd7495 elementor-widget elementor-widget-text-editor\" data-id=\"44dd7495\" data-element_type=\"widget\" data-widget_type=\"text-editor.default\">\n\t\t\t\t<div class=\"elementor-widget-container\">\n\t\t\t\t\t\t\t\t\t<ul>\n<li>Tener pasi\u00f3n por los ni\u00f1os.<\/li>\n<li>Ser ciudadano estadounidense o residente legal de Florida.<\/li>\n<li>Tener un patrimonio neto l\u00edquido de $150,000+.<\/li>\n<li>Tener un t\u00edtulo o certificaci\u00f3n profesional en el campo de la educaci\u00f3n, an\u00e1lisis del comportamiento o atenci\u00f3n m\u00e9dica.<\/li>\n<li>Se puede considerar experiencia laboral.<\/li>\n<\/ul>\n\t\t\t\t\t\t\t\t<\/div>\n\t\t\t\t<\/div>\n\t\t\t\t<\/div>\n\t\t<div class=\"elementor-element elementor-element-1f0bb22f e-con-full e-flex e-con e-child\" data-id=\"1f0bb22f\" data-element_type=\"container\" data-settings=\"{&quot;background_background&quot;:&quot;classic&quot;}\">\n\t\t\t\t<div class=\"elementor-element elementor-element-2ab4b6eb elementor-widget__width-initial elementor-widget elementor-widget-heading\" data-id=\"2ab4b6eb\" data-element_type=\"widget\" data-widget_type=\"heading.default\">\n\t\t\t\t<div class=\"elementor-widget-container\">\n\t\t\t\t\t<h3 class=\"elementor-heading-title elementor-size-default\">Ventajas de la sucursal:<\/h3>\t\t\t\t<\/div>\n\t\t\t\t<\/div>\n\t\t\t\t<div class=\"elementor-element elementor-element-756efb44 elementor-widget elementor-widget-text-editor\" data-id=\"756efb44\" data-element_type=\"widget\" data-widget_type=\"text-editor.default\">\n\t\t\t\t<div class=\"elementor-widget-container\">\n\t\t\t\t\t\t\t\t\t<ul>\n<li>Territorio exclusivo<\/li>\n<li>Asistencia en el flujo de caja.<\/li>\n<li>Servicios de Back Office.<\/li>\n<li>Incluyendo facturaci\u00f3n y credenciales.<\/li>\n<li>Marca y marketing.<\/li>\n<li>Dotaci\u00f3n de personal para BCBA y RBT.<\/li>\n<\/ul>\n\t\t\t\t\t\t\t\t<\/div>\n\t\t\t\t<\/div>\n\t\t\t\t<\/div>\n\t\t<div class=\"elementor-element elementor-element-9aad6e7 e-con-full e-flex e-con e-child\" data-id=\"9aad6e7\" data-element_type=\"container\" data-settings=\"{&quot;background_background&quot;:&quot;classic&quot;}\">\n\t\t\t\t<div class=\"elementor-element elementor-element-2f8b377 elementor-widget__width-initial elementor-widget elementor-widget-heading\" data-id=\"2f8b377\" data-element_type=\"widget\" data-widget_type=\"heading.default\">\n\t\t\t\t<div class=\"elementor-widget-container\">\n\t\t\t\t\t<h3 class=\"elementor-heading-title elementor-size-default\">Beneficios para los socios:<\/h3>\t\t\t\t<\/div>\n\t\t\t\t<\/div>\n\t\t\t\t<div class=\"elementor-element elementor-element-1aea5d5e elementor-widget elementor-widget-text-editor\" data-id=\"1aea5d5e\" data-element_type=\"widget\" data-widget_type=\"text-editor.default\">\n\t\t\t\t<div class=\"elementor-widget-container\">\n\t\t\t\t\t\t\t\t\t<ul>\n<li>Seguro de salud.<\/li>\n<li>Seguro dental.<\/li>\n<li>Seguro de visi\u00f3n.<\/li>\n<li>Consultor\u00eda de Negocios.<\/li>\n<li>Pr\u00e9stamos de capital empresarial.<\/li>\n<li>Participaci\u00f3n en las ganancias.<\/li>\n<li>Plan de salida del negocio.<\/li>\n<\/ul>\n\t\t\t\t\t\t\t\t<\/div>\n\t\t\t\t<\/div>\n\t\t\t\t<\/div>\n\t\t\t\t\t<\/div>\n\t\t\t\t<\/div>\n\t\t\t\t<\/div>\n\t\t","protected":false},"excerpt":{"rendered":"<p>Licencia de sucursal de Koala Con KOALA ABA &amp; Learning Centers contar\u00e1s con apoyo integral y un plan de salida. &#8220;El riesgo es la \u00fanica constante en los negocios. Tu capacidad para gestionarlo determinar\u00e1 tu \u00e9xito.&#8221; Pedro V. Curbelo Poseer y operar una sucursal de Koala ABA &amp; Learning Centers Koala ABA &amp; Learning Centers [&hellip;]<\/p>\n","protected":false},"author":6,"featured_media":0,"parent":0,"menu_order":0,"comment_status":"closed","ping_status":"closed","template":"elementor_header_footer","meta":{"_acf_changed":false,"footnotes":""},"class_list":["post-8216","page","type-page","status-publish","hentry"],"acf":[],"_links":{"self":[{"href":"https:\/\/koalaaba.com\/es\/wp-json\/wp\/v2\/pages\/8216","targetHints":{"allow":["GET"]}}],"collection":[{"href":"https:\/\/koalaaba.com\/es\/wp-json\/wp\/v2\/pages"}],"about":[{"href":"https:\/\/koalaaba.com\/es\/wp-json\/wp\/v2\/types\/page"}],"author":[{"embeddable":true,"href":"https:\/\/koalaaba.com\/es\/wp-json\/wp\/v2\/users\/6"}],"replies":[{"embeddable":true,"href":"https:\/\/koalaaba.com\/es\/wp-json\/wp\/v2\/comments?post=8216"}],"version-history":[{"count":0,"href":"https:\/\/koalaaba.com\/es\/wp-json\/wp\/v2\/pages\/8216\/revisions"}],"wp:attachment":[{"href":"https:\/\/koalaaba.com\/es\/wp-json\/wp\/v2\/media?parent=8216"}],"curies":[{"name":"wp","href":"https:\/\/api.w.org\/{rel}","templated":true}]}}