{"id":8258,"date":"2025-08-01T11:50:04","date_gmt":"2025-08-01T15:50:04","guid":{"rendered":"https:\/\/koalaaba.wpenginepowered.com\/terapia-s-o-u-n-d\/"},"modified":"2025-10-31T15:38:02","modified_gmt":"2025-10-31T19:38:02","slug":"terapia-sound","status":"publish","type":"page","link":"https:\/\/koalaaba.com\/es\/terapia-sound\/","title":{"rendered":"Terapia S.O.U.N.D."},"content":{"rendered":"\t\t<div data-elementor-type=\"wp-page\" data-elementor-id=\"8258\" class=\"elementor elementor-8258 elementor-8239\" data-elementor-post-type=\"page\">\n\t\t\t\t<div class=\"elementor-element elementor-element-63b30337 e-flex e-con-boxed e-con e-parent\" data-id=\"63b30337\" data-element_type=\"container\">\n\t\t\t\t\t<div class=\"e-con-inner\">\n\t\t\t\t<div class=\"elementor-element elementor-element-2091bb01 elementor-widget-mobile__width-initial elementor-widget elementor-widget-heading\" data-id=\"2091bb01\" data-element_type=\"widget\" data-widget_type=\"heading.default\">\n\t\t\t\t<div class=\"elementor-widget-container\">\n\t\t\t\t\t<h1 class=\"elementor-heading-title elementor-size-default\">El Programa S.O.U.N.D.\u2122<\/h1>\t\t\t\t<\/div>\n\t\t\t\t<\/div>\n\t\t\t\t\t<\/div>\n\t\t\t\t<\/div>\n\t\t<div class=\"elementor-element elementor-element-3ceb325a e-con-full e-flex e-con e-parent\" data-id=\"3ceb325a\" data-element_type=\"container\">\n\t\t<div class=\"elementor-element elementor-element-4c04b0cc e-con-full e-flex e-con e-child\" data-id=\"4c04b0cc\" data-element_type=\"container\">\n\t\t<div class=\"elementor-element elementor-element-54eec6b6 e-con-full e-flex e-con e-child\" data-id=\"54eec6b6\" data-element_type=\"container\">\n\t\t\t\t<div class=\"elementor-element elementor-element-14beac40 elementor-widget-mobile__width-initial elementor-widget__width-initial elementor-widget elementor-widget-heading\" data-id=\"14beac40\" data-element_type=\"widget\" data-widget_type=\"heading.default\">\n\t\t\t\t<div class=\"elementor-widget-container\">\n\t\t\t\t\t<h2 class=\"elementor-heading-title elementor-size-default\">Nombre del programa:<\/h2>\t\t\t\t<\/div>\n\t\t\t\t<\/div>\n\t\t\t\t<div class=\"elementor-element elementor-element-3f221974 elementor-widget elementor-widget-text-editor\" data-id=\"3f221974\" data-element_type=\"widget\" data-widget_type=\"text-editor.default\">\n\t\t\t\t<div class=\"elementor-widget-container\">\n\t\t\t\t\t\t\t\t\t<p>S.O.U.N.D. &#8211; Alcance Estructurado Utilizando Din\u00e1micas del Neurodesarrollo<\/p>\t\t\t\t\t\t\t\t<\/div>\n\t\t\t\t<\/div>\n\t\t\t\t<div class=\"elementor-element elementor-element-5e8e916b elementor-widget-mobile__width-initial elementor-widget__width-initial elementor-widget elementor-widget-heading\" data-id=\"5e8e916b\" data-element_type=\"widget\" data-widget_type=\"heading.default\">\n\t\t\t\t<div class=\"elementor-widget-container\">\n\t\t\t\t\t<h2 class=\"elementor-heading-title elementor-size-default\">Misi\u00f3n:<\/h2>\t\t\t\t<\/div>\n\t\t\t\t<\/div>\n\t\t\t\t<div class=\"elementor-element elementor-element-1c2b8d41 elementor-widget elementor-widget-text-editor\" data-id=\"1c2b8d41\" data-element_type=\"widget\" data-widget_type=\"text-editor.default\">\n\t\t\t\t<div class=\"elementor-widget-container\">\n\t\t\t\t\t\t\t\t\t<p>Transformar la terapia para ni\u00f1os con autismo mediante experiencias de neurodesarrollo inmersivas y basadas en el sonido que fomenten la comunicaci\u00f3n, la regulaci\u00f3n, la conexi\u00f3n y la curaci\u00f3n.<\/p>\t\t\t\t\t\t\t\t<\/div>\n\t\t\t\t<\/div>\n\t\t\t\t<div class=\"elementor-element elementor-element-2c10bb73 enrollment e-transform elementor-hidden-mobile elementor-widget elementor-widget-button\" data-id=\"2c10bb73\" data-element_type=\"widget\" data-settings=\"{&quot;_transform_translateX_effect&quot;:{&quot;unit&quot;:&quot;%&quot;,&quot;size&quot;:&quot;&quot;,&quot;sizes&quot;:[]},&quot;_transform_translateX_effect_laptop&quot;:{&quot;unit&quot;:&quot;%&quot;,&quot;size&quot;:&quot;&quot;,&quot;sizes&quot;:[]},&quot;_transform_translateX_effect_tablet_extra&quot;:{&quot;unit&quot;:&quot;%&quot;,&quot;size&quot;:&quot;&quot;,&quot;sizes&quot;:[]},&quot;_transform_translateX_effect_tablet&quot;:{&quot;unit&quot;:&quot;%&quot;,&quot;size&quot;:&quot;&quot;,&quot;sizes&quot;:[]},&quot;_transform_translateX_effect_mobile_extra&quot;:{&quot;unit&quot;:&quot;%&quot;,&quot;size&quot;:&quot;&quot;,&quot;sizes&quot;:[]},&quot;_transform_translateX_effect_mobile&quot;:{&quot;unit&quot;:&quot;%&quot;,&quot;size&quot;:&quot;&quot;,&quot;sizes&quot;:[]},&quot;_transform_translateX_effect_widescreen&quot;:{&quot;unit&quot;:&quot;px&quot;,&quot;size&quot;:&quot;&quot;,&quot;sizes&quot;:[]},&quot;_transform_translateY_effect&quot;:{&quot;unit&quot;:&quot;px&quot;,&quot;size&quot;:&quot;&quot;,&quot;sizes&quot;:[]},&quot;_transform_translateY_effect_widescreen&quot;:{&quot;unit&quot;:&quot;px&quot;,&quot;size&quot;:&quot;&quot;,&quot;sizes&quot;:[]},&quot;_transform_translateY_effect_laptop&quot;:{&quot;unit&quot;:&quot;px&quot;,&quot;size&quot;:&quot;&quot;,&quot;sizes&quot;:[]},&quot;_transform_translateY_effect_tablet_extra&quot;:{&quot;unit&quot;:&quot;px&quot;,&quot;size&quot;:&quot;&quot;,&quot;sizes&quot;:[]},&quot;_transform_translateY_effect_tablet&quot;:{&quot;unit&quot;:&quot;px&quot;,&quot;size&quot;:&quot;&quot;,&quot;sizes&quot;:[]},&quot;_transform_translateY_effect_mobile_extra&quot;:{&quot;unit&quot;:&quot;px&quot;,&quot;size&quot;:&quot;&quot;,&quot;sizes&quot;:[]},&quot;_transform_translateY_effect_mobile&quot;:{&quot;unit&quot;:&quot;px&quot;,&quot;size&quot;:&quot;&quot;,&quot;sizes&quot;:[]}}\" data-widget_type=\"button.default\">\n\t\t\t\t<div class=\"elementor-widget-container\">\n\t\t\t\t\t\t\t\t\t<div class=\"elementor-button-wrapper\">\n\t\t\t\t\t<a class=\"elementor-button elementor-button-link elementor-size-sm\" href=\"https:\/\/koalaaba.com\/es\/programa-una-visita\/\">\n\t\t\t\t\t\t<span class=\"elementor-button-content-wrapper\">\n\t\t\t\t\t\t\t\t\t<span class=\"elementor-button-text\">Inscr\u00edbete hoy<\/span>\n\t\t\t\t\t<\/span>\n\t\t\t\t\t<\/a>\n\t\t\t\t<\/div>\n\t\t\t\t\t\t\t\t<\/div>\n\t\t\t\t<\/div>\n\t\t\t\t<\/div>\n\t\t\t\t<\/div>\n\t\t<div class=\"elementor-element elementor-element-77c4e070 e-con-full e-flex e-con e-child\" data-id=\"77c4e070\" data-element_type=\"container\" data-settings=\"{&quot;background_background&quot;:&quot;classic&quot;}\">\n\t\t\t\t<\/div>\n\t\t\t\t<\/div>\n\t\t<div class=\"elementor-element elementor-element-3813ad9f elementor-hidden-widescreen elementor-hidden-desktop elementor-hidden-laptop elementor-hidden-tablet_extra elementor-hidden-tablet elementor-hidden-mobile_extra e-flex e-con-boxed e-con e-parent\" data-id=\"3813ad9f\" data-element_type=\"container\">\n\t\t\t\t\t<div class=\"e-con-inner\">\n\t\t\t\t<div class=\"elementor-element elementor-element-68cb1da6 enrollment e-transform elementor-widget elementor-widget-button\" data-id=\"68cb1da6\" data-element_type=\"widget\" data-settings=\"{&quot;_transform_translateX_effect&quot;:{&quot;unit&quot;:&quot;%&quot;,&quot;size&quot;:&quot;&quot;,&quot;sizes&quot;:[]},&quot;_transform_translateX_effect_laptop&quot;:{&quot;unit&quot;:&quot;%&quot;,&quot;size&quot;:&quot;&quot;,&quot;sizes&quot;:[]},&quot;_transform_translateX_effect_tablet_extra&quot;:{&quot;unit&quot;:&quot;%&quot;,&quot;size&quot;:&quot;&quot;,&quot;sizes&quot;:[]},&quot;_transform_translateX_effect_tablet&quot;:{&quot;unit&quot;:&quot;%&quot;,&quot;size&quot;:&quot;&quot;,&quot;sizes&quot;:[]},&quot;_transform_translateX_effect_mobile_extra&quot;:{&quot;unit&quot;:&quot;%&quot;,&quot;size&quot;:&quot;&quot;,&quot;sizes&quot;:[]},&quot;_transform_translateX_effect_mobile&quot;:{&quot;unit&quot;:&quot;%&quot;,&quot;size&quot;:&quot;&quot;,&quot;sizes&quot;:[]},&quot;_transform_translateX_effect_widescreen&quot;:{&quot;unit&quot;:&quot;px&quot;,&quot;size&quot;:&quot;&quot;,&quot;sizes&quot;:[]},&quot;_transform_translateY_effect&quot;:{&quot;unit&quot;:&quot;px&quot;,&quot;size&quot;:&quot;&quot;,&quot;sizes&quot;:[]},&quot;_transform_translateY_effect_widescreen&quot;:{&quot;unit&quot;:&quot;px&quot;,&quot;size&quot;:&quot;&quot;,&quot;sizes&quot;:[]},&quot;_transform_translateY_effect_laptop&quot;:{&quot;unit&quot;:&quot;px&quot;,&quot;size&quot;:&quot;&quot;,&quot;sizes&quot;:[]},&quot;_transform_translateY_effect_tablet_extra&quot;:{&quot;unit&quot;:&quot;px&quot;,&quot;size&quot;:&quot;&quot;,&quot;sizes&quot;:[]},&quot;_transform_translateY_effect_tablet&quot;:{&quot;unit&quot;:&quot;px&quot;,&quot;size&quot;:&quot;&quot;,&quot;sizes&quot;:[]},&quot;_transform_translateY_effect_mobile_extra&quot;:{&quot;unit&quot;:&quot;px&quot;,&quot;size&quot;:&quot;&quot;,&quot;sizes&quot;:[]},&quot;_transform_translateY_effect_mobile&quot;:{&quot;unit&quot;:&quot;px&quot;,&quot;size&quot;:&quot;&quot;,&quot;sizes&quot;:[]}}\" data-widget_type=\"button.default\">\n\t\t\t\t<div class=\"elementor-widget-container\">\n\t\t\t\t\t\t\t\t\t<div class=\"elementor-button-wrapper\">\n\t\t\t\t\t<a class=\"elementor-button elementor-button-link elementor-size-sm\" href=\"https:\/\/koalaaba.com\/es\/programa-una-visita\/\">\n\t\t\t\t\t\t<span class=\"elementor-button-content-wrapper\">\n\t\t\t\t\t\t\t\t\t<span class=\"elementor-button-text\">Inscr\u00edbete hoy<\/span>\n\t\t\t\t\t<\/span>\n\t\t\t\t\t<\/a>\n\t\t\t\t<\/div>\n\t\t\t\t\t\t\t\t<\/div>\n\t\t\t\t<\/div>\n\t\t\t\t\t<\/div>\n\t\t\t\t<\/div>\n\t\t<div class=\"elementor-element elementor-element-67143d5f e-flex e-con-boxed e-con e-parent\" data-id=\"67143d5f\" data-element_type=\"container\" data-settings=\"{&quot;background_background&quot;:&quot;classic&quot;}\">\n\t\t\t\t\t<div class=\"e-con-inner\">\n\t\t<div class=\"elementor-element elementor-element-6c3f4f4b e-con-full e-flex e-con e-child\" data-id=\"6c3f4f4b\" data-element_type=\"container\">\n\t\t\t\t<div class=\"elementor-element elementor-element-1f8bc1c1 elementor-widget-mobile__width-initial elementor-widget elementor-widget-image\" data-id=\"1f8bc1c1\" data-element_type=\"widget\" data-widget_type=\"image.default\">\n\t\t\t\t<div class=\"elementor-widget-container\">\n\t\t\t\t\t\t\t\t\t\t\t\t\t\t\t<img fetchpriority=\"high\" decoding=\"async\" width=\"363\" height=\"363\" src=\"https:\/\/koalaaba.com\/wp-content\/uploads\/2025\/08\/Un-nino-recibiendo-una-terapia-de-sonido-por-un-profesional.png\" class=\"attachment-large size-large wp-image-8244\" alt=\"\" \/>\t\t\t\t\t\t\t\t\t\t\t\t\t\t\t<\/div>\n\t\t\t\t<\/div>\n\t\t\t\t<\/div>\n\t\t<div class=\"elementor-element elementor-element-64308f2d e-con-full e-flex e-con e-child\" data-id=\"64308f2d\" data-element_type=\"container\">\n\t\t\t\t<div class=\"elementor-element elementor-element-43223814 elementor-widget-mobile__width-initial elementor-widget elementor-widget-heading\" data-id=\"43223814\" data-element_type=\"widget\" data-widget_type=\"heading.default\">\n\t\t\t\t<div class=\"elementor-widget-container\">\n\t\t\t\t\t<h2 class=\"elementor-heading-title elementor-size-default\">\u00bfQu\u00e9 es el S.O.U.N.D.?<\/h2>\t\t\t\t<\/div>\n\t\t\t\t<\/div>\n\t\t\t\t<div class=\"elementor-element elementor-element-3288ed12 elementor-widget__width-initial elementor-widget elementor-widget-text-editor\" data-id=\"3288ed12\" data-element_type=\"widget\" data-widget_type=\"text-editor.default\">\n\t\t\t\t<div class=\"elementor-widget-container\">\n\t\t\t\t\t\t\t\t\t<p>S.O.U.N.D. es un programa de musicoterapia dise\u00f1ado para ni\u00f1os autistas de 2 a 12 a\u00f1os, con especial atenci\u00f3n a los de 7 a 9 a\u00f1os. Combina herramientas de producci\u00f3n musical, frecuencias terap\u00e9uticas y objetivos de desarrollo para ayudar a los ni\u00f1os a crecer en comunicaci\u00f3n, regulaci\u00f3n emocional, coordinaci\u00f3n y autoexpresi\u00f3n. <\/p>\t\t\t\t\t\t\t\t<\/div>\n\t\t\t\t<\/div>\n\t\t\t\t<\/div>\n\t\t\t\t\t<\/div>\n\t\t\t\t<\/div>\n\t\t<div class=\"elementor-element elementor-element-f25d1fc e-flex e-con-boxed e-con e-parent\" data-id=\"f25d1fc\" data-element_type=\"container\" data-settings=\"{&quot;background_background&quot;:&quot;classic&quot;}\">\n\t\t\t\t\t<div class=\"e-con-inner\">\n\t\t<div class=\"elementor-element elementor-element-37c7c8c3 e-con-full e-flex e-con e-child\" data-id=\"37c7c8c3\" data-element_type=\"container\" data-settings=\"{&quot;background_background&quot;:&quot;classic&quot;}\">\n\t\t\t\t<div class=\"elementor-element elementor-element-5733d105 elementor-widget-mobile__width-initial elementor-widget__width-initial elementor-widget elementor-widget-heading\" data-id=\"5733d105\" data-element_type=\"widget\" data-widget_type=\"heading.default\">\n\t\t\t\t<div class=\"elementor-widget-container\">\n\t\t\t\t\t<h3 class=\"elementor-heading-title elementor-size-default\">\u00bfQu\u00e9 lo hace diferente?<\/h3>\t\t\t\t<\/div>\n\t\t\t\t<\/div>\n\t\t\t\t<div class=\"elementor-element elementor-element-2106964c elementor-widget elementor-widget-text-editor\" data-id=\"2106964c\" data-element_type=\"widget\" data-widget_type=\"text-editor.default\">\n\t\t\t\t<div class=\"elementor-widget-container\">\n\t\t\t\t\t\t\t\t\t<ul><li>Una configuraci\u00f3n de estudio totalmente envolvente con frecuencias *Solfeggio* (396 Hz, 528 Hz, 639 Hz, etc.) sonando continuamente por toda la instalaci\u00f3n.<\/li><li>Todo el estudio es un espacio seguro para los sentidos, con una iluminaci\u00f3n suave, un dise\u00f1o tranquilizador y un sonido terap\u00e9utico.<\/li><li>Los ni\u00f1os pueden o\u00edr, manipular e incluso grabar sus propios sonidos, ayud\u00e1ndoles a desarrollar su identidad, conciencia y confianza.<\/li><li>El entorno est\u00e1 dise\u00f1ado para co-regular al ni\u00f1o, utilizando la estimulaci\u00f3n auditiva y el ritmo para ayudarle a asentarse y comprometerse.<\/li><\/ul>\t\t\t\t\t\t\t\t<\/div>\n\t\t\t\t<\/div>\n\t\t\t\t<\/div>\n\t\t<div class=\"elementor-element elementor-element-a7c0932 e-con-full e-flex e-con e-child\" data-id=\"a7c0932\" data-element_type=\"container\" data-settings=\"{&quot;background_background&quot;:&quot;classic&quot;}\">\n\t\t\t\t<div class=\"elementor-element elementor-element-67bff4a2 elementor-widget-mobile__width-initial elementor-widget__width-initial elementor-widget elementor-widget-heading\" data-id=\"67bff4a2\" data-element_type=\"widget\" data-widget_type=\"heading.default\">\n\t\t\t\t<div class=\"elementor-widget-container\">\n\t\t\t\t\t<h3 class=\"elementor-heading-title elementor-size-default\">Fundamentos Terap\u00e9uticos:<\/h3>\t\t\t\t<\/div>\n\t\t\t\t<\/div>\n\t\t\t\t<div class=\"elementor-element elementor-element-5489bace elementor-widget elementor-widget-text-editor\" data-id=\"5489bace\" data-element_type=\"widget\" data-widget_type=\"text-editor.default\">\n\t\t\t\t<div class=\"elementor-widget-container\">\n\t\t\t\t\t\t\t\t\t<ul><li>La estimulaci\u00f3n de 40 Hz mejora la atenci\u00f3n y la coherencia cerebral.<\/li><li>Las frecuencias solfeo apoyan resultados emocionales y de desarrollo espec\u00edficos.<\/li><li>Se graban y reproducen bucles de sonido que utilizan la voz, la respiraci\u00f3n o los movimientos del ni\u00f1o para reforzar el autorreconocimiento y la expresi\u00f3n.<\/li><li>Valor de llamada y potencial de efectos positivos inmediatos y prolongados para el paciente.<\/li><\/ul>\t\t\t\t\t\t\t\t<\/div>\n\t\t\t\t<\/div>\n\t\t\t\t<\/div>\n\t\t\t\t\t<\/div>\n\t\t\t\t<\/div>\n\t\t<div class=\"elementor-element elementor-element-7593bcbf e-flex e-con-boxed e-con e-parent\" data-id=\"7593bcbf\" data-element_type=\"container\">\n\t\t\t\t\t<div class=\"e-con-inner\">\n\t\t<div class=\"elementor-element elementor-element-2809b7eb e-con-full e-flex e-con e-child\" data-id=\"2809b7eb\" data-element_type=\"container\">\n\t\t\t\t<div class=\"elementor-element elementor-element-126b488d elementor-widget elementor-widget-heading\" data-id=\"126b488d\" data-element_type=\"widget\" data-widget_type=\"heading.default\">\n\t\t\t\t<div class=\"elementor-widget-container\">\n\t\t\t\t\t<h3 class=\"elementor-heading-title elementor-size-default\">Estructura de las sesiones por edad:<\/h3>\t\t\t\t<\/div>\n\t\t\t\t<\/div>\n\t\t\t\t<div class=\"elementor-element elementor-element-353ccc38 elementor-widget elementor-widget-text-editor\" data-id=\"353ccc38\" data-element_type=\"widget\" data-widget_type=\"text-editor.default\">\n\t\t\t\t<div class=\"elementor-widget-container\">\n\t\t\t\t\t\t\t\t\t<p><strong>De 2 a 4 a\u00f1os:<\/strong> Exploraci\u00f3n sensorial, canciones con eco, juegos r\u00edtmicos.<br><strong>De 5 a 7 a\u00f1os:<\/strong> Planificaci\u00f3n motriz a trav\u00e9s del ritmo, imitaci\u00f3n vocal, interacci\u00f3n en grupo.<br><strong>De 8 a 12 a\u00f1os:<\/strong> Composici\u00f3n de canciones, expresi\u00f3n emocional estructurada, autoconocimiento a trav\u00e9s del audio.<\/p>\t\t\t\t\t\t\t\t<\/div>\n\t\t\t\t<\/div>\n\t\t\t\t<\/div>\n\t\t<div class=\"elementor-element elementor-element-66764a70 e-con-full e-flex e-con e-child\" data-id=\"66764a70\" data-element_type=\"container\">\n\t\t\t\t<div class=\"elementor-element elementor-element-13faa156 elementor-widget__width-initial elementor-widget elementor-widget-heading\" data-id=\"13faa156\" data-element_type=\"widget\" data-widget_type=\"heading.default\">\n\t\t\t\t<div class=\"elementor-widget-container\">\n\t\t\t\t\t<h3 class=\"elementor-heading-title elementor-size-default\">Estudio y Tecnolog\u00eda:<\/h3>\t\t\t\t<\/div>\n\t\t\t\t<\/div>\n\t\t\t\t<div class=\"elementor-element elementor-element-776cd09d elementor-widget elementor-widget-text-editor\" data-id=\"776cd09d\" data-element_type=\"widget\" data-widget_type=\"text-editor.default\">\n\t\t\t\t<div class=\"elementor-widget-container\">\n\t\t\t\t\t\t\t\t\t<ul><li>Pads, micr\u00f3fonos, loopers y estaciones de trabajo de audio digital (por ejemplo, GarageBand, Ableton).<\/li><li>Sistema de altavoces inteligentes instalado en todo el espacio para emitir frecuencias espec\u00edficas.<\/li><li>La exposici\u00f3n continua favorece el enraizamiento emocional y el crecimiento del desarrollo.<\/li><\/ul>\t\t\t\t\t\t\t\t<\/div>\n\t\t\t\t<\/div>\n\t\t\t\t<\/div>\n\t\t\t\t\t<\/div>\n\t\t\t\t<\/div>\n\t\t<div class=\"elementor-element elementor-element-102cff6e e-flex e-con-boxed e-con e-parent\" data-id=\"102cff6e\" data-element_type=\"container\">\n\t\t\t\t\t<div class=\"e-con-inner\">\n\t\t<div class=\"elementor-element elementor-element-6a3240d3 e-con-full e-flex e-con e-child\" data-id=\"6a3240d3\" data-element_type=\"container\">\n\t\t\t\t<div class=\"elementor-element elementor-element-789f56e elementor-widget elementor-widget-heading\" data-id=\"789f56e\" data-element_type=\"widget\" data-widget_type=\"heading.default\">\n\t\t\t\t<div class=\"elementor-widget-container\">\n\t\t\t\t\t<h3 class=\"elementor-heading-title elementor-size-default\">C\u00f3mo participan los dem\u00e1s:<\/h3>\t\t\t\t<\/div>\n\t\t\t\t<\/div>\n\t\t\t\t<div class=\"elementor-element elementor-element-6a87b577 elementor-widget elementor-widget-text-editor\" data-id=\"6a87b577\" data-element_type=\"widget\" data-widget_type=\"text-editor.default\">\n\t\t\t\t<div class=\"elementor-widget-container\">\n\t\t\t\t\t\t\t\t\t<ul><li>Los terapeutas gu\u00edan los objetivos y hacen un seguimiento de los resultados.<\/li><li>Los padres pueden tener acceso a las grabaciones.<\/li><li>Los ni\u00f1os se convierten en cocreadores de m\u00fasica.<\/li><\/ul>\t\t\t\t\t\t\t\t<\/div>\n\t\t\t\t<\/div>\n\t\t\t\t<\/div>\n\t\t<div class=\"elementor-element elementor-element-69e0cce2 e-con-full e-flex e-con e-child\" data-id=\"69e0cce2\" data-element_type=\"container\">\n\t\t\t\t<div class=\"elementor-element elementor-element-692a9ae6 elementor-widget__width-initial elementor-widget elementor-widget-heading\" data-id=\"692a9ae6\" data-element_type=\"widget\" data-widget_type=\"heading.default\">\n\t\t\t\t<div class=\"elementor-widget-container\">\n\t\t\t\t\t<h3 class=\"elementor-heading-title elementor-size-default\">Resultado e impacto:<\/h3>\t\t\t\t<\/div>\n\t\t\t\t<\/div>\n\t\t\t\t<div class=\"elementor-element elementor-element-493d0594 elementor-widget elementor-widget-text-editor\" data-id=\"493d0594\" data-element_type=\"widget\" data-widget_type=\"text-editor.default\">\n\t\t\t\t<div class=\"elementor-widget-container\">\n\t\t\t\t\t\t\t\t\t<ul><li>Aumenta la confianza y la conciencia de uno mismo.<\/li><li>Favorece la liberaci\u00f3n y la regulaci\u00f3n emocional.<\/li><li>Favorece el lenguaje, la atenci\u00f3n y la conexi\u00f3n social.<\/li><li>Proporciona un espacio calmante y curativo que funciona incluso fuera del tiempo de sesi\u00f3n formal.<\/li><\/ul>\t\t\t\t\t\t\t\t<\/div>\n\t\t\t\t<\/div>\n\t\t\t\t<\/div>\n\t\t\t\t\t<\/div>\n\t\t\t\t<\/div>\n\t\t<div class=\"elementor-element elementor-element-141433a7 e-flex e-con-boxed e-con e-parent\" data-id=\"141433a7\" data-element_type=\"container\">\n\t\t\t\t\t<div class=\"e-con-inner\">\n\t\t<div class=\"elementor-element elementor-element-6588d1cd e-con-full e-flex e-con e-child\" data-id=\"6588d1cd\" data-element_type=\"container\" data-settings=\"{&quot;background_background&quot;:&quot;classic&quot;}\">\n\t\t\t\t<div class=\"elementor-element elementor-element-1f315519 elementor-widget__width-initial elementor-widget elementor-widget-image\" data-id=\"1f315519\" data-element_type=\"widget\" data-widget_type=\"image.default\">\n\t\t\t\t<div class=\"elementor-widget-container\">\n\t\t\t\t\t\t\t\t\t\t\t\t\t\t\t<img decoding=\"async\" width=\"494\" height=\"239\" src=\"https:\/\/koalaaba.com\/wp-content\/uploads\/2025\/08\/Group-36-1.png\" class=\"attachment-large size-large wp-image-8246\" alt=\"\" \/>\t\t\t\t\t\t\t\t\t\t\t\t\t\t\t<\/div>\n\t\t\t\t<\/div>\n\t\t\t\t<\/div>\n\t\t<div class=\"elementor-element elementor-element-7333f0c9 e-con-full e-flex e-con e-child\" data-id=\"7333f0c9\" data-element_type=\"container\">\n\t\t\t\t<div class=\"elementor-element elementor-element-5958d01a elementor-widget__width-initial elementor-widget elementor-widget-heading\" data-id=\"5958d01a\" data-element_type=\"widget\" data-widget_type=\"heading.default\">\n\t\t\t\t<div class=\"elementor-widget-container\">\n\t\t\t\t\t<h2 class=\"elementor-heading-title elementor-size-default\">S.O.U.N.D.\u2122 es m\u00e1s que un programa musical<\/h2>\t\t\t\t<\/div>\n\t\t\t\t<\/div>\n\t\t\t\t<div class=\"elementor-element elementor-element-55c374a elementor-widget__width-initial elementor-widget elementor-widget-text-editor\" data-id=\"55c374a\" data-element_type=\"widget\" data-widget_type=\"text-editor.default\">\n\t\t\t\t<div class=\"elementor-widget-container\">\n\t\t\t\t\t\t\t\t\t<p>S.O.U.N.D. es m\u00e1s que un programa musical: es un ecosistema terap\u00e9utico. Redefine la forma en que los ni\u00f1os con espectro se experimentan a s\u00ed mismos, sus emociones y su voz. Mediante el poder de la frecuencia y el sonido, les ayudamos a conectar, con los dem\u00e1s y consigo mismos.  <\/p>\t\t\t\t\t\t\t\t<\/div>\n\t\t\t\t<\/div>\n\t\t\t\t<div class=\"elementor-element elementor-element-2dc9a89a e-transform elementor-widget elementor-widget-button\" data-id=\"2dc9a89a\" data-element_type=\"widget\" data-settings=\"{&quot;_transform_translateX_effect&quot;:{&quot;unit&quot;:&quot;%&quot;,&quot;size&quot;:&quot;&quot;,&quot;sizes&quot;:[]},&quot;_transform_translateX_effect_laptop&quot;:{&quot;unit&quot;:&quot;%&quot;,&quot;size&quot;:&quot;&quot;,&quot;sizes&quot;:[]},&quot;_transform_translateX_effect_tablet_extra&quot;:{&quot;unit&quot;:&quot;%&quot;,&quot;size&quot;:&quot;&quot;,&quot;sizes&quot;:[]},&quot;_transform_translateX_effect_tablet&quot;:{&quot;unit&quot;:&quot;%&quot;,&quot;size&quot;:&quot;&quot;,&quot;sizes&quot;:[]},&quot;_transform_translateX_effect_mobile_extra&quot;:{&quot;unit&quot;:&quot;%&quot;,&quot;size&quot;:&quot;&quot;,&quot;sizes&quot;:[]},&quot;_transform_translateX_effect_mobile&quot;:{&quot;unit&quot;:&quot;%&quot;,&quot;size&quot;:&quot;&quot;,&quot;sizes&quot;:[]},&quot;_transform_translateX_effect_widescreen&quot;:{&quot;unit&quot;:&quot;px&quot;,&quot;size&quot;:&quot;&quot;,&quot;sizes&quot;:[]},&quot;_transform_translateY_effect&quot;:{&quot;unit&quot;:&quot;px&quot;,&quot;size&quot;:&quot;&quot;,&quot;sizes&quot;:[]},&quot;_transform_translateY_effect_widescreen&quot;:{&quot;unit&quot;:&quot;px&quot;,&quot;size&quot;:&quot;&quot;,&quot;sizes&quot;:[]},&quot;_transform_translateY_effect_laptop&quot;:{&quot;unit&quot;:&quot;px&quot;,&quot;size&quot;:&quot;&quot;,&quot;sizes&quot;:[]},&quot;_transform_translateY_effect_tablet_extra&quot;:{&quot;unit&quot;:&quot;px&quot;,&quot;size&quot;:&quot;&quot;,&quot;sizes&quot;:[]},&quot;_transform_translateY_effect_tablet&quot;:{&quot;unit&quot;:&quot;px&quot;,&quot;size&quot;:&quot;&quot;,&quot;sizes&quot;:[]},&quot;_transform_translateY_effect_mobile_extra&quot;:{&quot;unit&quot;:&quot;px&quot;,&quot;size&quot;:&quot;&quot;,&quot;sizes&quot;:[]},&quot;_transform_translateY_effect_mobile&quot;:{&quot;unit&quot;:&quot;px&quot;,&quot;size&quot;:&quot;&quot;,&quot;sizes&quot;:[]}}\" data-widget_type=\"button.default\">\n\t\t\t\t<div class=\"elementor-widget-container\">\n\t\t\t\t\t\t\t\t\t<div class=\"elementor-button-wrapper\">\n\t\t\t\t\t<a class=\"elementor-button elementor-button-link elementor-size-sm\" href=\"https:\/\/koalaaba.com\/es\/programa-una-visita\/\">\n\t\t\t\t\t\t<span class=\"elementor-button-content-wrapper\">\n\t\t\t\t\t\t\t\t\t<span class=\"elementor-button-text\">Inscr\u00edbete hoy<\/span>\n\t\t\t\t\t<\/span>\n\t\t\t\t\t<\/a>\n\t\t\t\t<\/div>\n\t\t\t\t\t\t\t\t<\/div>\n\t\t\t\t<\/div>\n\t\t\t\t<\/div>\n\t\t\t\t\t<\/div>\n\t\t\t\t<\/div>\n\t\t\t\t<\/div>\n\t\t","protected":false},"excerpt":{"rendered":"<p>El Programa S.O.U.N.D.\u2122 Nombre del programa: S.O.U.N.D. &#8211; Alcance Estructurado Utilizando Din\u00e1micas del Neurodesarrollo Misi\u00f3n: Transformar la terapia para ni\u00f1os con autismo mediante experiencias de neurodesarrollo inmersivas y basadas en el sonido que fomenten la comunicaci\u00f3n, la regulaci\u00f3n, la conexi\u00f3n y la curaci\u00f3n. Inscr\u00edbete hoy Inscr\u00edbete hoy \u00bfQu\u00e9 es el S.O.U.N.D.? S.O.U.N.D. es un programa [&hellip;]<\/p>\n","protected":false},"author":6,"featured_media":0,"parent":0,"menu_order":0,"comment_status":"closed","ping_status":"closed","template":"elementor_header_footer","meta":{"_acf_changed":false,"footnotes":""},"class_list":["post-8258","page","type-page","status-publish","hentry"],"acf":[],"_links":{"self":[{"href":"https:\/\/koalaaba.com\/es\/wp-json\/wp\/v2\/pages\/8258","targetHints":{"allow":["GET"]}}],"collection":[{"href":"https:\/\/koalaaba.com\/es\/wp-json\/wp\/v2\/pages"}],"about":[{"href":"https:\/\/koalaaba.com\/es\/wp-json\/wp\/v2\/types\/page"}],"author":[{"embeddable":true,"href":"https:\/\/koalaaba.com\/es\/wp-json\/wp\/v2\/users\/6"}],"replies":[{"embeddable":true,"href":"https:\/\/koalaaba.com\/es\/wp-json\/wp\/v2\/comments?post=8258"}],"version-history":[{"count":0,"href":"https:\/\/koalaaba.com\/es\/wp-json\/wp\/v2\/pages\/8258\/revisions"}],"wp:attachment":[{"href":"https:\/\/koalaaba.com\/es\/wp-json\/wp\/v2\/media?parent=8258"}],"curies":[{"name":"wp","href":"https:\/\/api.w.org\/{rel}","templated":true}]}}