{"id":9420,"date":"2026-02-24T13:41:57","date_gmt":"2026-02-24T18:41:57","guid":{"rendered":"https:\/\/koalaaba.com\/politica-de-accesibilidad\/"},"modified":"2026-03-11T13:03:07","modified_gmt":"2026-03-11T17:03:07","slug":"politica-de-accesibilidad","status":"publish","type":"page","link":"https:\/\/koalaaba.com\/es\/politica-de-accesibilidad\/","title":{"rendered":"Pol\u00edtica de accesibilidad"},"content":{"rendered":"\t\t<div data-elementor-type=\"wp-page\" data-elementor-id=\"9420\" class=\"elementor elementor-9420 elementor-9402\" data-elementor-post-type=\"page\">\n\t\t\t\t<div class=\"elementor-element elementor-element-b586ea5 e-flex e-con-boxed e-con e-parent\" data-id=\"b586ea5\" data-element_type=\"container\">\n\t\t\t\t\t<div class=\"e-con-inner\">\n\t\t\t\t<div class=\"elementor-element elementor-element-65a2107 elementor-widget elementor-widget-text-editor\" data-id=\"65a2107\" data-element_type=\"widget\" data-widget_type=\"text-editor.default\">\n\t\t\t\t<div class=\"elementor-widget-container\">\n\t\t\t\t\t\t\t\t\t<h1 dir=\"ltr\" style=\"text-align: center;\">Accesibilidad e inclusi\u00f3n:  <\/h1><div dir=\"ltr\"> <\/div><p dir=\"ltr\">Koala ABA se compromete a fomentar una cultura organizativa diversa, equitativa e integradora que valore y respete los or\u00edgenes, identidades y experiencias \u00fanicos de cada persona a la que servimos y empleamos. Reconocemos que la diversidad y la inclusi\u00f3n son procesos continuos y en evoluci\u00f3n, y estamos comprometidos con el crecimiento, la reflexi\u00f3n y la mejora continuos. <\/p><p>Nos dedicamos a proporcionar un entorno en el que el personal, los pacientes y las familias se sientan seguros, apoyados, respetados y capacitados. Koala ABA trabaja activamente para proteger y apoyar a los miembros de nuestro equipo y a las personas a las que atendemos, promoviendo un acceso equitativo a los servicios, pr\u00e1cticas culturalmente sensibles y pol\u00edticas organizativas justas. <\/p><h2><b>Nuestros compromisos<\/b><\/h2><p><strong>Koala ABA se compromete a:<\/strong><\/p><ul><li>Crear y mantener una cultura inclusiva y equitativa en el lugar de trabajo, en la que todo el personal sea tratado con dignidad y respeto.<\/li><li>Proteger y apoyar a los pacientes y sus familias prest\u00e1ndoles servicios culturalmente sensibles, accesibles e individualizados.<\/li><li>Garantizar que las pr\u00e1cticas de empleo, la supervisi\u00f3n y las oportunidades de ascenso sean equitativas y est\u00e9n libres de discriminaci\u00f3n o prejuicios.<\/li><li>Promover una toma de decisiones \u00e9tica que tenga en cuenta las diferencias culturales, ling\u00fc\u00edsticas e individuales.<\/li><\/ul><h2><b>Medidas para impulsar la DEI<\/b><\/h2><p>Para apoyar este compromiso, Koala ABA:<\/p><ul><li>Proporcionar formaci\u00f3n continua y desarrollo profesional relacionados con la diversidad, la equidad, la inclusi\u00f3n y la receptividad cultural.<\/li><li>Revisa y actualiza peri\u00f3dicamente las pol\u00edticas, procedimientos y pr\u00e1cticas para identificar y abordar las desigualdades o barreras.<\/li><li>Fomentar la comunicaci\u00f3n abierta y los comentarios del personal y las familias sobre las preocupaciones u oportunidades de mejora relacionadas con la DEI.<\/li><li>Reclutar, contratar y retener una plantilla diversa que refleje las comunidades a las que servimos.<\/li><li>Garantizar el acceso ling\u00fc\u00edstico y adaptaciones razonables para el personal y las familias siempre que sea posible.<\/li><li>Responsabilizar a los l\u00edderes de modelar pr\u00e1cticas inclusivas y apoyar la toma de decisiones equitativas.<\/li><\/ul><h3><b>Compromiso permanente<\/b><\/h3><p>Koala ABA reconoce que el avance de la diversidad, la equidad y la inclusi\u00f3n es un proceso iterativo y continuo. Nos comprometemos a revisar esta declaraci\u00f3n peri\u00f3dicamente y a emprender acciones significativas para garantizar que nuestra organizaci\u00f3n sigue creciendo en consonancia con nuestros valores y las necesidades de nuestra comunidad. <\/p>\t\t\t\t\t\t\t\t<\/div>\n\t\t\t\t<\/div>\n\t\t\t\t\t<\/div>\n\t\t\t\t<\/div>\n\t\t\t\t<\/div>\n\t\t","protected":false},"excerpt":{"rendered":"<p>Accesibilidad e inclusi\u00f3n: Koala ABA se compromete a fomentar una cultura organizativa diversa, equitativa e integradora que valore y respete los or\u00edgenes, identidades y experiencias \u00fanicos de cada persona a la que servimos y empleamos. Reconocemos que la diversidad y la inclusi\u00f3n son procesos continuos y en evoluci\u00f3n, y estamos comprometidos con el crecimiento, la [&hellip;]<\/p>\n","protected":false},"author":6,"featured_media":0,"parent":0,"menu_order":0,"comment_status":"closed","ping_status":"closed","template":"","meta":{"_acf_changed":false,"footnotes":""},"class_list":["post-9420","page","type-page","status-publish","hentry"],"acf":[],"_links":{"self":[{"href":"https:\/\/koalaaba.com\/es\/wp-json\/wp\/v2\/pages\/9420","targetHints":{"allow":["GET"]}}],"collection":[{"href":"https:\/\/koalaaba.com\/es\/wp-json\/wp\/v2\/pages"}],"about":[{"href":"https:\/\/koalaaba.com\/es\/wp-json\/wp\/v2\/types\/page"}],"author":[{"embeddable":true,"href":"https:\/\/koalaaba.com\/es\/wp-json\/wp\/v2\/users\/6"}],"replies":[{"embeddable":true,"href":"https:\/\/koalaaba.com\/es\/wp-json\/wp\/v2\/comments?post=9420"}],"version-history":[{"count":0,"href":"https:\/\/koalaaba.com\/es\/wp-json\/wp\/v2\/pages\/9420\/revisions"}],"wp:attachment":[{"href":"https:\/\/koalaaba.com\/es\/wp-json\/wp\/v2\/media?parent=9420"}],"curies":[{"name":"wp","href":"https:\/\/api.w.org\/{rel}","templated":true}]}}