{"id":9421,"date":"2025-03-25T16:58:07","date_gmt":"2025-03-25T20:58:07","guid":{"rendered":"https:\/\/koalaaba.com\/declaracion-de-accesibilidad\/"},"modified":"2025-03-25T16:58:07","modified_gmt":"2025-03-25T20:58:07","slug":"declaracion-de-accesibilidad","status":"publish","type":"page","link":"https:\/\/koalaaba.com\/es\/declaracion-de-accesibilidad\/","title":{"rendered":"Declaraci\u00f3n de accesibilidad"},"content":{"rendered":"<h1 style=\"text-align: center;\"><b>Declaraci\u00f3n de accesibilidad de Koala ABA &amp; Learning Centers<\/b><\/h1>\n<p><span style=\"font-weight: 400;\">En Koala ABA &amp; Learning Centers, nos comprometemos a garantizar que todas las personas, incluidas las discapacitadas, tengan igualdad de acceso a nuestros servicios, programas y sitio web. Nos esforzamos por ofrecer un entorno inclusivo y accesible para todos. <\/span><\/p>\n<h2><b>Declaraci\u00f3n de accesibilidad<\/b><\/h2>\n<h3><b>Caracter\u00edsticas de accesibilidad de nuestro sitio web<\/b><\/h3>\n<p><span style=\"font-weight: 400;\">Trabajamos continuamente para mejorar la accesibilidad de nuestro sitio web. Nuestro objetivo es cumplir o superar las normas de accesibilidad definidas por las Pautas de Accesibilidad al Contenido en la Web (WCAG) 2.1 nivel AA. Algunas caracter\u00edsticas clave son:  <\/span><\/p>\n<ul>\n<li style=\"font-weight: 400;\" aria-level=\"1\"><span style=\"font-weight: 400;\">Lenguaje claro y sencillo para mejorar la legibilidad.<\/span><\/li>\n<li style=\"font-weight: 400;\" aria-level=\"1\"><span style=\"font-weight: 400;\">Alternativas de texto para todos los contenidos no textuales, como im\u00e1genes y v\u00eddeos.<\/span><\/li>\n<li style=\"font-weight: 400;\" aria-level=\"1\"><span style=\"font-weight: 400;\">Soporte de navegaci\u00f3n por teclado para todos los elementos interactivos.<\/span><\/li>\n<li style=\"font-weight: 400;\" aria-level=\"1\"><span style=\"font-weight: 400;\">Compatibilidad con lectores de pantalla para ayudar a los usuarios con deficiencias visuales.<\/span><\/li>\n<li style=\"font-weight: 400;\" aria-level=\"1\"><span style=\"font-weight: 400;\">Formularios accesibles con etiquetas y mensajes de error claros.<\/span><\/li>\n<\/ul>\n<h3><\/h3>\n<h3><b>Comentarios sobre accesibilidad<\/b><\/h3>\n<p><span style=\"font-weight: 400;\">Trabajamos constantemente para mejorar la accesibilidad de nuestro sitio web y nuestros servicios. Si encuentras alguna barrera de accesibilidad, o si tienes sugerencias sobre c\u00f3mo podemos mejorar, no dudes en ponerte en contacto con nosotros. <\/span><\/p>\n<p><span style=\"font-weight: 400;\">Puedes ponerte en contacto con nuestro equipo de accesibilidad a trav\u00e9s de<\/span><\/p>\n<ul>\n<li style=\"font-weight: 400;\" aria-level=\"1\"><b>Tel\u00e9fono<\/b><span style=\"font-weight: 400;\">: <a href=\"tel:3053632969\">305-363-2969<\/a><\/span><\/li>\n<li style=\"font-weight: 400;\" aria-level=\"1\"><b>Correo electr\u00f3nico<\/b><span style=\"font-weight: 400;\">: <\/span><a href=\"mailto:admin@koalaaba.com\"><span style=\"font-weight: 400;\">admin@koalaaba.com<\/span><\/a><\/li>\n<li style=\"font-weight: 400;\" aria-level=\"1\"><b>Direcci\u00f3n postal<\/b><span style=\"font-weight: 400;\">: Koala ABA &amp; Learning Centers, 2898 NW 79th Ave, Doral, FL 33122<\/span><\/li>\n<\/ul>\n<h3><\/h3>\n<h3><b>Accesibilidad f\u00edsica en Koala ABA &amp; Learning Centers<\/b><\/h3>\n<p><span style=\"font-weight: 400;\">Nuestras instalaciones est\u00e1n dise\u00f1adas para ser totalmente accesibles. Proporcionamos: <\/span><\/p>\n<ul>\n<li style=\"font-weight: 400;\" aria-level=\"1\"><span style=\"font-weight: 400;\">Entradas y salidas accesibles en silla de ruedas.<\/span><\/li>\n<li style=\"font-weight: 400;\" aria-level=\"1\"><span style=\"font-weight: 400;\">Ba\u00f1os accesibles.<\/span><\/li>\n<li style=\"font-weight: 400;\" aria-level=\"1\"><span style=\"font-weight: 400;\">Amplias plazas de aparcamiento para personas con discapacidad.<\/span><\/li>\n<\/ul>\n<h3><\/h3>\n<h3><b>Compromiso con la mejora continua<\/b><\/h3>\n<p><span style=\"font-weight: 400;\">Koala ABA &amp; Learning Centers se dedica a mejorar la accesibilidad de forma continua. Nos comprometemos a realizar evaluaciones y actualizaciones peri\u00f3dicas de nuestras pr\u00e1cticas, pol\u00edticas y contenidos digitales para garantizar que mantenemos un entorno accesible e inclusivo. <\/span><\/p>\n<p><span style=\"font-weight: 400;\">Gracias por formar parte de la comunidad de Koala ABA &amp; Learning Centers. Valoramos tus comentarios y estamos aqu\u00ed para apoyarte en todo lo que podamos. <\/span><\/p>\n","protected":false},"excerpt":{"rendered":"<p>Declaraci\u00f3n de accesibilidad de Koala ABA &amp; Learning Centers En Koala ABA &amp; Learning Centers, nos comprometemos a garantizar que todas las personas, incluidas las discapacitadas, tengan igualdad de acceso a nuestros servicios, programas y sitio web. Nos esforzamos por ofrecer un entorno inclusivo y accesible para todos. Declaraci\u00f3n de accesibilidad Caracter\u00edsticas de accesibilidad de [&hellip;]<\/p>\n","protected":false},"author":6,"featured_media":0,"parent":0,"menu_order":0,"comment_status":"closed","ping_status":"closed","template":"","meta":{"_acf_changed":false,"footnotes":""},"class_list":["post-9421","page","type-page","status-publish","hentry"],"acf":[],"_links":{"self":[{"href":"https:\/\/koalaaba.com\/es\/wp-json\/wp\/v2\/pages\/9421","targetHints":{"allow":["GET"]}}],"collection":[{"href":"https:\/\/koalaaba.com\/es\/wp-json\/wp\/v2\/pages"}],"about":[{"href":"https:\/\/koalaaba.com\/es\/wp-json\/wp\/v2\/types\/page"}],"author":[{"embeddable":true,"href":"https:\/\/koalaaba.com\/es\/wp-json\/wp\/v2\/users\/6"}],"replies":[{"embeddable":true,"href":"https:\/\/koalaaba.com\/es\/wp-json\/wp\/v2\/comments?post=9421"}],"version-history":[{"count":0,"href":"https:\/\/koalaaba.com\/es\/wp-json\/wp\/v2\/pages\/9421\/revisions"}],"wp:attachment":[{"href":"https:\/\/koalaaba.com\/es\/wp-json\/wp\/v2\/media?parent=9421"}],"curies":[{"name":"wp","href":"https:\/\/api.w.org\/{rel}","templated":true}]}}