{"id":9423,"date":"2026-02-24T14:00:31","date_gmt":"2026-02-24T19:00:31","guid":{"rendered":"https:\/\/koalaaba.com\/declaracion-de-diversidad\/"},"modified":"2026-03-11T13:22:41","modified_gmt":"2026-03-11T17:22:41","slug":"declaracion-de-diversidad","status":"publish","type":"page","link":"https:\/\/koalaaba.com\/es\/declaracion-de-diversidad\/","title":{"rendered":"Declaraci\u00f3n de Diversidad"},"content":{"rendered":"\t\t<div data-elementor-type=\"wp-page\" data-elementor-id=\"9423\" class=\"elementor elementor-9423 elementor-9405\" data-elementor-post-type=\"page\">\n\t\t\t\t<div class=\"elementor-element elementor-element-1b4b5db e-flex e-con-boxed e-con e-parent\" data-id=\"1b4b5db\" data-element_type=\"container\">\n\t\t\t\t\t<div class=\"e-con-inner\">\n\t\t\t\t<div class=\"elementor-element elementor-element-d5a59e9 elementor-widget elementor-widget-text-editor\" data-id=\"d5a59e9\" data-element_type=\"widget\" data-widget_type=\"text-editor.default\">\n\t\t\t\t<div class=\"elementor-widget-container\">\n\t\t\t\t\t\t\t\t\t<h1 style=\"text-align: center;\">Declaraci\u00f3n de diversidad:<\/h1><div> <\/div><div> <\/div><div><p dir=\"ltr\">Koala ABA &amp; Learning Centers se compromete a proporcionar un acceso equitativo y adaptaciones razonables a las personas con discapacidad. La organizaci\u00f3n mantiene pol\u00edticas y procedimientos escritos para garantizar que se puedan solicitar, revisar y cumplir las adaptaciones para el acceso a las ubicaciones f\u00edsicas, la prestaci\u00f3n de servicios, la tecnolog\u00eda y las responsabilidades relacionadas con el trabajo. <\/p><h2><b>Procedimientos<\/b><\/h2><p><b>1. Acceso a ubicaciones f\u00edsicas<\/b><\/p><ul><li>La organizaci\u00f3n hace esfuerzos razonables para garantizar que los locales terap\u00e9uticos y administrativos sean accesibles a las personas con discapacidad.<\/li><li>Las consideraciones de accesibilidad pueden incluir el aparcamiento, las entradas, las salas de tratamiento, los aseos y las zonas comunes.<\/li><li>Cuando se identifican barreras f\u00edsicas, se exploran alternativas o adaptaciones razonables para garantizar el acceso a los servicios.<\/li><\/ul><p><b>2. Solicitar adaptaciones relacionadas con la discapacidad<\/b><\/p><ul><li>Los pacientes, familiares, personal y proveedores pueden solicitar adaptaciones razonables relacionadas con:<ul><li>Prestaci\u00f3n de servicios<\/li><li>Acceso a materiales organizativos<\/li><li>Uso de la tecnolog\u00eda relacionada con los servicios o tareas laborales<\/li><\/ul><\/li><li>Las solicitudes de adaptaci\u00f3n pueden hacerse verbalmente o por escrito.<\/li><\/ul><h4><b>Punto de contacto para solicitudes de alojamiento:<\/b><\/h4><p>Jennifer Rey, Directora de Operaciones, <u><a title=\"mailto:jrey@koalaaba.com\" href=\"mailto:jrey@koalaaba.com\">jrey@koalaaba.com<\/a><\/u> 786-477-5173<\/p><p><b>3. Adaptaciones razonables para la prestaci\u00f3n de servicios y la tecnolog\u00eda<\/b><\/p><ul><li>La organizaci\u00f3n revisa las solicitudes de adaptaci\u00f3n de forma oportuna y participa en un proceso interactivo para determinar las adaptaciones razonables.<\/li><li>Las adaptaciones pueden incluir, entre otras, las siguientes<ul><li>Modificaci\u00f3n de los m\u00e9todos de prestaci\u00f3n de servicios<\/li><li>Documentos o materiales accesibles<\/li><li>Tecnolog\u00eda de apoyo o formatos de comunicaci\u00f3n alternativos<\/li><li>Ajustes en las tareas relacionadas con el trabajo o en el uso de la tecnolog\u00eda<\/li><\/ul><\/li><\/ul><p><b>4. Subt\u00edtulos para materiales de v\u00eddeo<\/b><\/p><ul><li>Si lo solicitas, se pueden utilizar subt\u00edtulos para los materiales de v\u00eddeo relacionados con la prestaci\u00f3n de servicios o las obligaciones laborales.<\/li><li>Las solicitudes de subt\u00edtulos o formatos alternativos se revisan y satisfacen oportunamente cuando es razonable.<\/li><\/ul><p><b>5. Comunicaci\u00f3n y distribuci\u00f3n de la pol\u00edtica<\/b><\/p><ul><li>Esta pol\u00edtica y los procedimientos relacionados se facilitan por escrito a:<ul><li>Personal (por ejemplo, manual del empleado, material de incorporaci\u00f3n, repositorio de pol\u00edticas internas)<\/li><li>Pacientes y familias (por ejemplo, paquetes de admisi\u00f3n, manual para padres, sitio web o aviso publicado)<\/li><\/ul><\/li><li>Los materiales escritos incluyen la informaci\u00f3n de contacto del punto de contacto designado para solicitar adaptaciones.<\/li><\/ul><p><b>6. Documentaci\u00f3n y mantenimiento de registros<\/b><\/p><ul><li>Las solicitudes de alojamiento y las medidas adoptadas se documentan de acuerdo con los requisitos de confidencialidad y privacidad.<\/li><li>Los registros se mantienen a efectos de cumplimiento y control de calidad, y est\u00e1n disponibles para su revisi\u00f3n por parte de los organismos de acreditaci\u00f3n, incluido el BHCOE.<\/li><\/ul><h2><b>Cumplimiento<\/b><\/h2><p>El incumplimiento de esta pol\u00edtica puede dar lugar a medidas correctoras y puede poner a la organizaci\u00f3n en riesgo de incumplimiento de las normas de acreditaci\u00f3n del BHCOE y de las leyes de accesibilidad aplicables.<\/p><\/div>\t\t\t\t\t\t\t\t<\/div>\n\t\t\t\t<\/div>\n\t\t\t\t\t<\/div>\n\t\t\t\t<\/div>\n\t\t\t\t<\/div>\n\t\t","protected":false},"excerpt":{"rendered":"<p>Declaraci\u00f3n de diversidad: Koala ABA &amp; Learning Centers se compromete a proporcionar un acceso equitativo y adaptaciones razonables a las personas con discapacidad. La organizaci\u00f3n mantiene pol\u00edticas y procedimientos escritos para garantizar que se puedan solicitar, revisar y cumplir las adaptaciones para el acceso a las ubicaciones f\u00edsicas, la prestaci\u00f3n de servicios, la tecnolog\u00eda y [&hellip;]<\/p>\n","protected":false},"author":6,"featured_media":0,"parent":0,"menu_order":0,"comment_status":"closed","ping_status":"closed","template":"","meta":{"_acf_changed":false,"footnotes":""},"class_list":["post-9423","page","type-page","status-publish","hentry"],"acf":[],"_links":{"self":[{"href":"https:\/\/koalaaba.com\/es\/wp-json\/wp\/v2\/pages\/9423","targetHints":{"allow":["GET"]}}],"collection":[{"href":"https:\/\/koalaaba.com\/es\/wp-json\/wp\/v2\/pages"}],"about":[{"href":"https:\/\/koalaaba.com\/es\/wp-json\/wp\/v2\/types\/page"}],"author":[{"embeddable":true,"href":"https:\/\/koalaaba.com\/es\/wp-json\/wp\/v2\/users\/6"}],"replies":[{"embeddable":true,"href":"https:\/\/koalaaba.com\/es\/wp-json\/wp\/v2\/comments?post=9423"}],"version-history":[{"count":0,"href":"https:\/\/koalaaba.com\/es\/wp-json\/wp\/v2\/pages\/9423\/revisions"}],"wp:attachment":[{"href":"https:\/\/koalaaba.com\/es\/wp-json\/wp\/v2\/media?parent=9423"}],"curies":[{"name":"wp","href":"https:\/\/api.w.org\/{rel}","templated":true}]}}