{"id":9424,"date":"2025-03-25T17:16:34","date_gmt":"2025-03-25T21:16:34","guid":{"rendered":"https:\/\/koalaaba.com\/politica-de-privacidad\/"},"modified":"2025-03-25T17:16:34","modified_gmt":"2025-03-25T21:16:34","slug":"politica-de-privacidad","status":"publish","type":"page","link":"https:\/\/koalaaba.com\/es\/politica-de-privacidad\/","title":{"rendered":"Pol\u00edtica de privacidad"},"content":{"rendered":"<h1><b>Pol\u00edtica de privacidad<\/b><\/h1>\n<p><span style=\"font-weight: 400;\">Fecha de entrada en vigor: <\/span><span style=\"font-weight: 400;\" data-rich-links=\"{\"dat_df\":{\"fres_frt\":1,\"dfie_ts\":{\"tv\":{\"tv_s\":1742385600,\"tv_n\":0}},\"dfie_l\":\"en\",\"dfie_p\":{\"fres_frt\":0,\"tres_tv\":\"MMM d, y\"},\"dfie_dt\":\"Mar 19, 2025\",\"dfie_pt\":3,\"dfie_tpt\":0,\"dfie_tzi\":\"\"},\"type\":\"date\"}\">19 de marzo de 2025<\/span><\/p>\n<p><span style=\"font-weight: 400;\">Koala ABA &amp; Learning Centers (&#8220;nosotros&#8221;, &#8220;nuestro&#8221;, &#8220;nos&#8221;) se compromete a proteger tu privacidad. Esta Pol\u00edtica de Privacidad describe c\u00f3mo recogemos, utilizamos y salvaguardamos tu informaci\u00f3n personal cuando visitas nuestro sitio web, utilizas nuestros servicios o te comunicas con nosotros. Al utilizar nuestros servicios, aceptas las pr\u00e1cticas de datos descritas en esta pol\u00edtica.  <\/span><\/p>\n<p>&nbsp;<\/p>\n<h3><b>1. Informaci\u00f3n que recopilamos<\/b><\/h3>\n<p><span style=\"font-weight: 400;\">Podemos recopilar los siguientes tipos de informaci\u00f3n:<\/span><\/p>\n<ul>\n<li style=\"font-weight: 400;\" aria-level=\"1\"><b>Informaci\u00f3n personal<\/b><span style=\"font-weight: 400;\">: Nombre, direcci\u00f3n, n\u00famero de tel\u00e9fono, correo electr\u00f3nico y otros datos de contacto.<\/span><\/li>\n<li style=\"font-weight: 400;\" aria-level=\"1\"><b>Informaci\u00f3n sanitaria<\/b><span style=\"font-weight: 400;\">: Si es necesaria para los servicios, de conformidad con la normativa HIPAA.<\/span><\/li>\n<li style=\"font-weight: 400;\" aria-level=\"1\"><b>Datos recogidos autom\u00e1ticamente<\/b><span style=\"font-weight: 400;\">: Tipo de navegador, informaci\u00f3n del dispositivo y patrones de uso del sitio.<\/span><\/li>\n<\/ul>\n<h3><b>2. C\u00f3mo utilizamos tu informaci\u00f3n<\/b><\/h3>\n<p><span style=\"font-weight: 400;\">Utilizamos la informaci\u00f3n recogida para los siguientes fines:<\/span><\/p>\n<ul>\n<li style=\"font-weight: 400;\" aria-level=\"1\"><span style=\"font-weight: 400;\">Para proporcionar y mejorar nuestros servicios de terapia y aprendizaje ABA.<\/span><\/li>\n<li style=\"font-weight: 400;\" aria-level=\"1\"><span style=\"font-weight: 400;\">Comunicarse con los clientes y responder a las consultas.<\/span><\/li>\n<li style=\"font-weight: 400;\" aria-level=\"1\"><span style=\"font-weight: 400;\">Cumplir los requisitos legales y reglamentarios.<\/span><\/li>\n<li style=\"font-weight: 400;\" aria-level=\"1\"><span style=\"font-weight: 400;\">Para mejorar la funcionalidad del sitio web y la experiencia del usuario.<\/span><\/li>\n<\/ul>\n<h3><b>3. Intercambio y divulgaci\u00f3n de informaci\u00f3n<\/b><\/h3>\n<p><span style=\"font-weight: 400;\">No vendemos ni alquilamos tu informaci\u00f3n personal. Sin embargo, podemos compartir tu informaci\u00f3n en las siguientes circunstancias: <\/span><\/p>\n<ul>\n<li style=\"font-weight: 400;\" aria-level=\"1\"><span style=\"font-weight: 400;\">Con proveedores de servicios que ayudan en las operaciones empresariales (por ejemplo, soporte inform\u00e1tico).<\/span><\/li>\n<li style=\"font-weight: 400;\" aria-level=\"1\"><span style=\"font-weight: 400;\">Cuando lo exija la ley, como en respuesta a requerimientos legales o para cumplir con la normativa.<\/span><\/li>\n<li style=\"font-weight: 400;\" aria-level=\"1\"><span style=\"font-weight: 400;\">En los casos en que la divulgaci\u00f3n sea necesaria para proteger nuestros derechos, privacidad, seguridad o propiedad.<\/span><\/li>\n<\/ul>\n<h3><b>4. Seguridad de los datos<\/b><\/h3>\n<p><span style=\"font-weight: 400;\">Aplicamos medidas de seguridad apropiadas para proteger tu informaci\u00f3n contra el acceso no autorizado, la alteraci\u00f3n, la divulgaci\u00f3n o la destrucci\u00f3n. Sin embargo, ninguna transmisi\u00f3n de datos por Internet es completamente segura, y no podemos garantizar una seguridad absoluta. <\/span><\/p>\n<h3><b>5. Tus derechos y opciones<\/b><\/h3>\n<p><span style=\"font-weight: 400;\">Tienes derecho a:<\/span><\/p>\n<ul>\n<li style=\"font-weight: 400;\" aria-level=\"1\"><span style=\"font-weight: 400;\">Solicitar acceso a tu informaci\u00f3n personal.<\/span><\/li>\n<li style=\"font-weight: 400;\" aria-level=\"1\"><span style=\"font-weight: 400;\">Solicitar la rectificaci\u00f3n o supresi\u00f3n de tus datos.<\/span><\/li>\n<li style=\"font-weight: 400;\" aria-level=\"1\"><span style=\"font-weight: 400;\">No recibir comunicaciones de marketing.<\/span><\/li>\n<li style=\"font-weight: 400;\" aria-level=\"1\"><span style=\"font-weight: 400;\">Restringir el tratamiento de determinados datos, con sujeci\u00f3n a la legislaci\u00f3n aplicable.<\/span><\/li>\n<\/ul>\n<h3><b>6. \u00bfQu\u00e9 derechos tengo en relaci\u00f3n con el tratamiento de mis datos?<\/b><\/h3>\n<p><span style=\"font-weight: 400;\">Tienes ciertos derechos en virtud de las leyes de privacidad aplicables, entre ellos:<\/span><\/p>\n<ul>\n<li style=\"font-weight: 400;\" aria-level=\"1\"><span style=\"font-weight: 400;\">Derecho a saber qu\u00e9 datos personales recogemos sobre ti.<\/span><\/li>\n<li style=\"font-weight: 400;\" aria-level=\"1\"><span style=\"font-weight: 400;\">Derecho a solicitar que corrijamos, actualicemos o eliminemos tu informaci\u00f3n personal.<\/span><\/li>\n<li style=\"font-weight: 400;\" aria-level=\"1\"><span style=\"font-weight: 400;\">El derecho a oponerse o restringir determinadas actividades de tratamiento de datos.<\/span><\/li>\n<li style=\"font-weight: 400;\" aria-level=\"1\"><span style=\"font-weight: 400;\">El derecho a la portabilidad de los datos, que te permite obtener una copia de tus datos en un formato estructurado.<\/span><\/li>\n<li style=\"font-weight: 400;\" aria-level=\"1\"><span style=\"font-weight: 400;\">Derecho a retirar tu consentimiento en cualquier momento, cuando proceda.<\/span><\/li>\n<li style=\"font-weight: 400;\" aria-level=\"1\"><span style=\"font-weight: 400;\">Derecho a presentar una reclamaci\u00f3n ante una autoridad de protecci\u00f3n de datos si crees que se han vulnerado tus derechos.<\/span><\/li>\n<\/ul>\n<h3><b>7. \u00bfQu\u00e9 hacemos para proteger tu informaci\u00f3n?<\/b><\/h3>\n<p><span style=\"font-weight: 400;\">Tomamos m\u00faltiples precauciones para salvaguardar tu informaci\u00f3n personal, entre ellas:<\/span><\/p>\n<ul>\n<li style=\"font-weight: 400;\" aria-level=\"1\"><span style=\"font-weight: 400;\">Implantar protocolos de encriptaci\u00f3n y seguridad est\u00e1ndar del sector.<\/span><\/li>\n<li style=\"font-weight: 400;\" aria-level=\"1\"><span style=\"font-weight: 400;\">Restringir el acceso a los datos personales \u00fanicamente al personal autorizado.<\/span><\/li>\n<li style=\"font-weight: 400;\" aria-level=\"1\"><span style=\"font-weight: 400;\">Realizaci\u00f3n peri\u00f3dica de auditor\u00edas de seguridad y evaluaciones de riesgos.<\/span><\/li>\n<li style=\"font-weight: 400;\" aria-level=\"1\"><span style=\"font-weight: 400;\">Mantener soluciones seguras de almacenamiento de datos para evitar accesos no autorizados.<\/span><\/li>\n<li style=\"font-weight: 400;\" aria-level=\"1\"><span style=\"font-weight: 400;\">Impartir formaci\u00f3n a los empleados sobre las mejores pr\u00e1cticas de protecci\u00f3n de datos.<\/span><\/li>\n<\/ul>\n<h3><b>8. Privacidad de los ni\u00f1os<\/b><\/h3>\n<p><span style=\"font-weight: 400;\">Cumplimos la Ley de Protecci\u00f3n de la Privacidad Infantil en Internet (COPPA) y no recopilamos conscientemente informaci\u00f3n personal de ni\u00f1os menores de 13 a\u00f1os sin el consentimiento paterno.<\/span><\/p>\n<h3><b>9. Enlaces de terceros<\/b><\/h3>\n<p><span style=\"font-weight: 400;\">Nuestro sitio web puede contener enlaces a sitios web de terceros. No somos responsables de sus pol\u00edticas de privacidad ni de su contenido, y te animamos a que revises sus pol\u00edticas de privacidad antes de proporcionar cualquier informaci\u00f3n. <\/span><\/p>\n<h3><b>10. Actualizaciones de esta Pol\u00edtica<\/b><\/h3>\n<p><span style=\"font-weight: 400;\">Podemos actualizar esta Pol\u00edtica de Privacidad de vez en cuando. Cualquier cambio se publicar\u00e1 en esta p\u00e1gina con una fecha de entrada en vigor actualizada. <\/span><\/p>\n<h3><b>11. Descargo de responsabilidad<\/b><\/h3>\n<p><span style=\"font-weight: 400;\">Esta Pol\u00edtica de Privacidad se proporciona \u00fanicamente con fines informativos y no constituye un acuerdo legal entre Koala ABA &amp; Learning Centers y sus clientes. Aunque nos esforzamos por asegurar el cumplimiento de todas las leyes y normativas aplicables, no garantizamos la seguridad absoluta de tu informaci\u00f3n personal. Al utilizar nuestros servicios, reconoces y aceptas que lo haces por tu cuenta y riesgo.  <\/span><\/p>\n<h3><b>12. Contacta con nosotros<\/b><\/h3>\n<p><span style=\"font-weight: 400;\">Si tienes alguna pregunta o duda sobre esta Pol\u00edtica de Privacidad, ponte en contacto con nosotros en <\/span><b>Centros de Aprendizaje y ABA Koala<\/b><b><br \/>\n<\/b><span style=\"font-weight: 400;\">2898 NW 79th Ave, Doral, FL 33122<\/span><span style=\"font-weight: 400;\"><br \/>\n<\/span><span style=\"font-weight: 400;\">Tel: <a href=\"tel:3053632969\">305-363-2969<\/a><\/span><span style=\"font-weight: 400;\"><br \/>\n<\/span><span style=\"font-weight: 400;\">Correo electr\u00f3nico: <\/span><a href=\"mailto:admin@koalaaba.com\"><span style=\"font-weight: 400;\">admin@koalaaba.com<\/span><\/a><\/p>\n","protected":false},"excerpt":{"rendered":"<p>Pol\u00edtica de privacidad Fecha de entrada en vigor: 19 de marzo de 2025 Koala ABA &amp; Learning Centers (&#8220;nosotros&#8221;, &#8220;nuestro&#8221;, &#8220;nos&#8221;) se compromete a proteger tu privacidad. Esta Pol\u00edtica de Privacidad describe c\u00f3mo recogemos, utilizamos y salvaguardamos tu informaci\u00f3n personal cuando visitas nuestro sitio web, utilizas nuestros servicios o te comunicas con nosotros. Al utilizar [&hellip;]<\/p>\n","protected":false},"author":6,"featured_media":0,"parent":0,"menu_order":0,"comment_status":"closed","ping_status":"closed","template":"","meta":{"_acf_changed":false,"footnotes":""},"class_list":["post-9424","page","type-page","status-publish","hentry"],"acf":[],"_links":{"self":[{"href":"https:\/\/koalaaba.com\/es\/wp-json\/wp\/v2\/pages\/9424","targetHints":{"allow":["GET"]}}],"collection":[{"href":"https:\/\/koalaaba.com\/es\/wp-json\/wp\/v2\/pages"}],"about":[{"href":"https:\/\/koalaaba.com\/es\/wp-json\/wp\/v2\/types\/page"}],"author":[{"embeddable":true,"href":"https:\/\/koalaaba.com\/es\/wp-json\/wp\/v2\/users\/6"}],"replies":[{"embeddable":true,"href":"https:\/\/koalaaba.com\/es\/wp-json\/wp\/v2\/comments?post=9424"}],"version-history":[{"count":0,"href":"https:\/\/koalaaba.com\/es\/wp-json\/wp\/v2\/pages\/9424\/revisions"}],"wp:attachment":[{"href":"https:\/\/koalaaba.com\/es\/wp-json\/wp\/v2\/media?parent=9424"}],"curies":[{"name":"wp","href":"https:\/\/api.w.org\/{rel}","templated":true}]}}