{"id":9425,"date":"2025-03-25T17:29:35","date_gmt":"2025-03-25T21:29:35","guid":{"rendered":"https:\/\/koalaaba.com\/terminos-y-condiciones\/"},"modified":"2025-03-25T17:29:35","modified_gmt":"2025-03-25T21:29:35","slug":"terminos-y-condiciones","status":"publish","type":"page","link":"https:\/\/koalaaba.com\/es\/terminos-y-condiciones\/","title":{"rendered":"T\u00e9rminos y Condiciones"},"content":{"rendered":"<h1 style=\"text-align: center;\"><b>T\u00e9rminos de Uso<\/b><\/h1>\n<p>Fecha de entrada en vigor: 19 de marzo de 2025<\/p>\n<p><span style=\"font-weight: 400;\">Al acceder y utilizar este sitio web, usted acepta cumplir y estar sujeto a los siguientes t\u00e9rminos y condiciones, que, junto con nuestra Pol\u00edtica de privacidad y nuestro Aviso legal, rigen la relaci\u00f3n entre Koala ABA &amp; Learning Centers y usted en relaci\u00f3n con este sitio web. Si no est\u00e1 de acuerdo con alguna parte de estas pol\u00edticas, le rogamos que se abstenga de utilizar nuestro sitio web. <\/span><\/p>\n<p><span style=\"font-weight: 400;\">Los t\u00e9rminos \u00abKoala ABA &amp; Learning Centers\u00bb, \u00abKoala ABA\u00bb, \u00abnosotros\u00bb, \u00abnuestro\/a\/os\/as\u00bb o \u00abnos\u00bb se refieren a Koala ABA &amp; Learning Centers y sus afiliados. Los t\u00e9rminos \u00abusted\u00bb o \u200b\u200b\u00absu\/s\u00bb se refieren al usuario o visitante de nuestro sitio web. <\/span><\/p>\n<h2>T\u00e9rminos y Condiciones<\/h2>\n<h3><b>Uso de este sitio web<\/b><\/h3>\n<ul>\n<li style=\"font-weight: 400;\" aria-level=\"1\"><span style=\"font-weight: 400;\">El contenido de este sitio web es \u00fanicamente para fines informativos y educativos generales. Est\u00e1 sujeto a cambios sin previo aviso. <\/span><\/li>\n<li style=\"font-weight: 400;\" aria-level=\"1\"><span style=\"font-weight: 400;\">No garantizamos la exactitud, puntualidad, rendimiento, integridad ni idoneidad de la informaci\u00f3n y los materiales proporcionados. Usted reconoce que dicha informaci\u00f3n puede contener inexactitudes o errores, y declinamos expresamente cualquier responsabilidad por dichos errores o inexactitudes en la medida m\u00e1xima permitida por la ley. <\/span><\/li>\n<li style=\"font-weight: 400;\" aria-level=\"1\"><span style=\"font-weight: 400;\">El uso que usted haga de cualquier informaci\u00f3n o material de este sitio web es bajo su propio riesgo. Es su responsabilidad asegurarse de que los servicios, productos o informaci\u00f3n disponibles satisfagan sus necesidades espec\u00edficas. <\/span><\/li>\n<\/ul>\n<h3><\/h3>\n<h3><b>Propiedad intelectual<\/b><\/h3>\n<ul>\n<li style=\"font-weight: 400;\" aria-level=\"1\"><span style=\"font-weight: 400;\">Este sitio web contiene materiales de nuestra propiedad o licenciados a nosotros, incluyendo, entre otros, el dise\u00f1o, la maquetaci\u00f3n, los gr\u00e1ficos y la apariencia general. Queda estrictamente prohibida la reproducci\u00f3n, distribuci\u00f3n o uso no autorizado de estos materiales. <\/span><\/li>\n<li style=\"font-weight: 400;\" aria-level=\"1\"><span style=\"font-weight: 400;\">Todas las marcas comerciales, marcas de servicio y logotipos utilizados en este sitio web son de nuestra propiedad o de nuestras filiales y no pueden utilizarse sin nuestro consentimiento previo por escrito.<\/span><\/li>\n<\/ul>\n<h3><\/h3>\n<h3><b>Limitaciones de responsabilidad<\/b><\/h3>\n<ul>\n<li style=\"font-weight: 400;\" aria-level=\"1\"><span style=\"font-weight: 400;\">Koala ABA &amp; Learning Centers y su personal no ser\u00e1n responsables de ning\u00fan da\u00f1o, p\u00e9rdida o reclamaci\u00f3n presuntamente derivado del uso de este sitio web, su informaci\u00f3n, productos o servicios.<\/span><\/li>\n<li style=\"font-weight: 400;\" aria-level=\"1\"><span style=\"font-weight: 400;\">El uso no autorizado de este sitio web puede dar lugar a una reclamaci\u00f3n por da\u00f1os y perjuicios o constituir un delito penal.<\/span><\/li>\n<\/ul>\n<h3><\/h3>\n<h3><b>Enlaces externos<\/b><\/h3>\n<ul>\n<li style=\"font-weight: 400;\" aria-level=\"1\"><span style=\"font-weight: 400;\">Este sitio web puede contener enlaces a sitios web de terceros para su comodidad. Estos enlaces no implican nuestra aprobaci\u00f3n de los sitios web enlazados y no nos responsabilizamos de su contenido, pol\u00edticas de privacidad ni pr\u00e1cticas. <\/span><\/li>\n<\/ul>\n<h3><\/h3>\n<h3><b>Ley Aplicable<\/b><\/h3>\n<ul>\n<li style=\"font-weight: 400;\" aria-level=\"1\"><span style=\"font-weight: 400;\">Su uso de este sitio web y cualquier disputa derivada de dicho uso est\u00e1n sujetos a las leyes del Estado de Florida y de los Estados Unidos de Am\u00e9rica.<\/span><\/li>\n<\/ul>\n<h3><\/h3>\n<h3><b>Pol\u00edtica de comunicaci\u00f3n y cancelaci\u00f3n de suscripci\u00f3n<\/b><\/h3>\n<ul>\n<li style=\"font-weight: 400;\" aria-level=\"1\"><span style=\"font-weight: 400;\">Si se comunica con nosotros por correo electr\u00f3nico, mensajes de texto u otras formas de comunicaci\u00f3n, acepta seguir los procedimientos de cancelaci\u00f3n de suscripci\u00f3n descritos en nuestra Pol\u00edtica de privacidad si desea dejar de recibir mensajes en el futuro.<\/span><\/li>\n<\/ul>\n<h3><\/h3>\n<h3><b>Cont\u00e1ctenos<\/b><\/h3>\n<p><span style=\"font-weight: 400;\">Si tiene alguna pregunta o inquietud sobre estos T\u00e9rminos de Uso, cont\u00e1ctenos en:<\/span><\/p>\n<p><b>Koala ABA &amp; Learning Centers<\/b><b><br \/>\n<\/b><span style=\"font-weight: 400;\">2898 NW 79th Ave, Doral, FL 33122<\/span><span style=\"font-weight: 400;\"><br \/>\n<\/span><span style=\"font-weight: 400;\">Tel: <a href=\"tel:3053632969\">305-363-2969<\/a><\/span><span style=\"font-weight: 400;\"><br \/>\n<\/span><span style=\"font-weight: 400;\">Correo electr\u00f3nico: <a href=\"mailto:admin@koalaaba.com\">admin@koalaaba.com<\/a><\/span><\/p>\n","protected":false},"excerpt":{"rendered":"<p>T\u00e9rminos de Uso Fecha de entrada en vigor: 19 de marzo de 2025 Al acceder y utilizar este sitio web, usted acepta cumplir y estar sujeto a los siguientes t\u00e9rminos y condiciones, que, junto con nuestra Pol\u00edtica de privacidad y nuestro Aviso legal, rigen la relaci\u00f3n entre Koala ABA &amp; Learning Centers y usted en [&hellip;]<\/p>\n","protected":false},"author":6,"featured_media":0,"parent":0,"menu_order":0,"comment_status":"closed","ping_status":"closed","template":"","meta":{"_acf_changed":false,"footnotes":""},"class_list":["post-9425","page","type-page","status-publish","hentry"],"acf":[],"_links":{"self":[{"href":"https:\/\/koalaaba.com\/es\/wp-json\/wp\/v2\/pages\/9425","targetHints":{"allow":["GET"]}}],"collection":[{"href":"https:\/\/koalaaba.com\/es\/wp-json\/wp\/v2\/pages"}],"about":[{"href":"https:\/\/koalaaba.com\/es\/wp-json\/wp\/v2\/types\/page"}],"author":[{"embeddable":true,"href":"https:\/\/koalaaba.com\/es\/wp-json\/wp\/v2\/users\/6"}],"replies":[{"embeddable":true,"href":"https:\/\/koalaaba.com\/es\/wp-json\/wp\/v2\/comments?post=9425"}],"version-history":[{"count":0,"href":"https:\/\/koalaaba.com\/es\/wp-json\/wp\/v2\/pages\/9425\/revisions"}],"wp:attachment":[{"href":"https:\/\/koalaaba.com\/es\/wp-json\/wp\/v2\/media?parent=9425"}],"curies":[{"name":"wp","href":"https:\/\/api.w.org\/{rel}","templated":true}]}}