{"id":9426,"date":"2025-03-25T17:40:26","date_gmt":"2025-03-25T21:40:26","guid":{"rendered":"https:\/\/koalaaba.com\/procedimientos-para-denunciar-conductas-inapropiadas\/"},"modified":"2026-03-11T14:48:34","modified_gmt":"2026-03-11T18:48:34","slug":"procedimientos-para-denunciar-conductas-inapropiadas","status":"publish","type":"page","link":"https:\/\/koalaaba.com\/es\/procedimientos-para-denunciar-conductas-inapropiadas\/","title":{"rendered":"Procedimientos para denunciar conductas inapropiadas"},"content":{"rendered":"\t\t<div data-elementor-type=\"wp-page\" data-elementor-id=\"9426\" class=\"elementor elementor-9426 elementor-7000\" data-elementor-post-type=\"page\">\n\t\t\t\t<div class=\"elementor-element elementor-element-56fd99bf e-flex e-con-boxed e-con e-parent\" data-id=\"56fd99bf\" data-element_type=\"container\">\n\t\t\t\t\t<div class=\"e-con-inner\">\n\t\t\t\t<div class=\"elementor-element elementor-element-85ccbcc elementor-widget elementor-widget-text-editor\" data-id=\"85ccbcc\" data-element_type=\"widget\" data-widget_type=\"text-editor.default\">\n\t\t\t\t<div class=\"elementor-widget-container\">\n\t\t\t\t\t\t\t\t\t<h1 style=\"text-align: center;\"><b>Koala ABA &amp; Learning Centers \u2013 Pol\u00edtica de Denuncia de Conducta Inapropiada<\/b><\/h1><p><span style=\"font-weight: 400;\">En Koala ABA &amp; Learning Centers, priorizamos la creaci\u00f3n de un entorno seguro y de apoyo para todos los estudiantes. Las denuncias de conducta inapropiada se toman en serio y animamos a todos los empleados, estudiantes, padres y miembros de la comunidad a denunciar cualquier acci\u00f3n que pueda poner en peligro la salud, la seguridad o el bienestar de un estudiante. Esta pol\u00edtica describe el procedimiento para denunciar conductas inapropiadas y garantiza el cumplimiento de las normas legales y \u00e9ticas.  <\/span><\/p><h2>Procedimientos para denunciar conductas inapropiadas<\/h2><h3><b>\u00bfQu\u00e9 constituye una conducta inapropiada?<\/b><\/h3><p><span style=\"font-weight: 400;\">La mala conducta del personal de apoyo educativo, docente o administrativo escolar incluye, entre otras:<\/span><\/p><ul><li style=\"font-weight: 400;\" aria-level=\"1\"><b>Abuso f\u00edsico o verbal<\/b><\/li><li style=\"font-weight: 400;\" aria-level=\"1\"><b>Relaciones inapropiadas con estudiantes<\/b><\/li><li style=\"font-weight: 400;\" aria-level=\"1\"><b>Negligencia o poner en peligro a los estudiantes<\/b><\/li><li style=\"font-weight: 400;\" aria-level=\"1\"><b>Consumo de drogas o alcohol en las instalaciones escolares<\/b><\/li><li style=\"font-weight: 400;\" aria-level=\"1\"><b>Discriminaci\u00f3n o acoso<\/b><\/li><li style=\"font-weight: 400;\" aria-level=\"1\"><b>Fraude, robo o comportamiento poco \u00e9tico<\/b><\/li><li style=\"font-weight: 400;\" aria-level=\"1\"><b>Violaci\u00f3n de la confidencialidad estudiantil<\/b><\/li><li style=\"font-weight: 400;\" aria-level=\"1\"><b>Cualquier otra acci\u00f3n que comprometa la salud, la seguridad o el bienestar estudiantil<\/b><\/li><\/ul><h3> <\/h3><h3><b>C\u00f3mo denunciar una mala conducta<\/b><\/h3><p><span style=\"font-weight: 400;\">Si sospecha de una mala conducta, den\u00fanciela de inmediato a trav\u00e9s de uno de los siguientes canales:<\/span><\/p><ol><li style=\"font-weight: 400;\" aria-level=\"1\"><b><b>Supervisor inmediato o administrador escolar:<\/b><\/b> <br><span style=\"font-weight: 400;\">Comun\u00edquese con el director o administrador de su escuela.<\/span><\/li><li style=\"font-weight: 400;\" aria-level=\"1\"><b>Oficial de Cumplimiento de Koala ABA:<\/b><ul><li style=\"font-weight: 400;\" aria-level=\"2\"><b>Email<\/b><span style=\"font-weight: 400;\">: compliance@koalaaba.com<\/span><\/li><\/ul><\/li><li style=\"font-weight: 400;\" aria-level=\"1\"><b>Agencias Estatales de Denuncias:<\/b><ul><li style=\"font-weight: 400;\" aria-level=\"2\"><span style=\"font-weight: 400;\"><b>Departamento de Educaci\u00f3n de Florida<\/b>: <\/span><a href=\"https:\/\/www.fldoe.org\/\" target=\"_blank\" rel=\"noopener\"><span style=\"font-weight: 400;\"> <\/span><span style=\"font-weight: 400;\">https:\/\/www.fldoe.org\/<\/span><\/a><\/li><li style=\"font-weight: 400;\" aria-level=\"2\"><span style=\"font-weight: 400;\"><b>Departamento de Ni\u00f1os y Familias de Florida (DCF):<\/b> <\/span><a href=\"https:\/\/www.myflfamilies.com\/\" target=\"_blank\" rel=\"noopener\"><span style=\"font-weight: 400;\"> <\/span><span style=\"font-weight: 400;\">https:\/\/www.myflfamilies.com\/<\/span><\/a><\/li><\/ul><\/li><\/ol><h3> <\/h3><h3><b>Denuncias An\u00f3nimas<\/b><\/h3><p><span style=\"font-weight: 400;\">Koala ABA &amp; Learning Centers ofrece la opci\u00f3n de denunciar an\u00f3nimamente a trav\u00e9s de un sistema en l\u00ednea designado o mediante presentaci\u00f3n por escrito al Oficial de Cumplimiento. Tenga en cuenta que las denuncias an\u00f3nimas pueden limitar la capacidad de realizar una investigaci\u00f3n exhaustiva. <\/span><\/p><h3> <\/h3><h3><b>Protecci\u00f3n contra Represalias<\/b><\/h3><p><span style=\"font-weight: 400;\">Koala ABA &amp; Learning Centers garantiza que los empleados, estudiantes y miembros de la comunidad est\u00e9n protegidos contra represalias por denunciar conductas indebidas de buena fe. Cualquier tipo de represalia conllevar\u00e1 medidas disciplinarias, que pueden incluir el despido. <\/span><\/p><h3> <\/h3><h3><b>Proceso de Investigaci\u00f3n<\/b><\/h3><p><span style=\"font-weight: 400;\">Tras recibir una denuncia, Koala ABA &amp; Learning Centers:<\/span><\/p><ol><li style=\"font-weight: 400;\" aria-level=\"1\"><span style=\"font-weight: 400;\">Acuse de recibo de la queja.<\/span><\/li><li style=\"font-weight: 400;\" aria-level=\"1\"><span style=\"font-weight: 400;\">Realizar\u00e1 una revisi\u00f3n preliminar para evaluar la validez de las acusaciones.<\/span><\/li><li style=\"font-weight: 400;\" aria-level=\"1\"><span style=\"font-weight: 400;\">De ser necesario, iniciar una investigaci\u00f3n completa, que puede incluir entrevistas, recopilaci\u00f3n de pruebas y coordinaci\u00f3n con agencias externas.<\/span><\/li><li style=\"font-weight: 400;\" aria-level=\"1\"><span style=\"font-weight: 400;\">Tomar las medidas correctivas o disciplinarias pertinentes seg\u00fan los hallazgos.<\/span><\/li><li style=\"font-weight: 400;\" aria-level=\"1\"><span style=\"font-weight: 400;\">Mantener la confidencialidad en la medida de lo posible, garantizando una investigaci\u00f3n justa y exhaustiva.<\/span><\/li><\/ol><h3> <\/h3><h3><b>Capacitaci\u00f3n y Concientizaci\u00f3n<\/b><\/h3><p><span style=\"font-weight: 400;\">Todos los empleados, incluyendo el personal docente y administrativo, deben completar una capacitaci\u00f3n anual sobre comportamiento \u00e9tico y denuncia de conductas indebidas. Se informar\u00e1 a los padres y estudiantes sobre sus derechos y los mecanismos de denuncia disponibles. <\/span><\/p><h3> <\/h3><h3><b>Conclusi\u00f3n<\/b><\/h3><p><span style=\"font-weight: 400;\">Koala ABA &amp; Learning Centers se compromete a mantener altos est\u00e1ndares de integridad y seguridad estudiantil. Al cumplir con esta pol\u00edtica, creamos un entorno seguro donde el bienestar de los estudiantes es prioritario. <\/span><\/p><p><span style=\"font-weight: 400;\">Para cualquier pregunta o informaci\u00f3n adicional, comun\u00edquese con nuestra Oficina de Cumplimiento a compliance@koalaaba.com.<\/span><\/p><h3> <\/h3><h3><b>Pasos para denunciar conductas indebidas:<\/b><\/h3><ol><li style=\"font-weight: 400;\" aria-level=\"1\"><b>Comun\u00edquese con el Departamento de Ni\u00f1os y Familias (DCF):<\/b><b><br><\/b><span style=\"font-weight: 400;\">Llame a la L\u00ednea Directa Central Gratuita de Abuso al <\/span><b>1-800-962-2873<\/b><span style=\"font-weight: 400;\"> para denunciar cualquier sospecha de abuso o conducta indebida.<\/span><span style=\"font-weight: 400;\"><br><\/span><span style=\"font-weight: 400;\"> En caso de emergencia, llame al <\/span><b>911<\/b><span style=\"font-weight: 400;\"> inmediatamente.<\/span><\/li><li style=\"font-weight: 400;\" aria-level=\"1\"><b>Correo electr\u00f3nico para denunciar mala conducta:<\/b><b><br><\/b><span style=\"font-weight: 400;\">Env\u00ede su denuncia a compliance@koalaaba.com para recibir atenci\u00f3n inmediata.<\/span><\/li><li style=\"font-weight: 400;\" aria-level=\"1\"><b>Sitio web del Departamento de Ni\u00f1os y Familias (DCF):<\/b><b><br><\/b><span style=\"font-weight: 400;\">Visite el sitio web del DCF para obtener m\u00e1s informaci\u00f3n sobre c\u00f3mo denunciar abuso:<\/span><span style=\"font-weight: 400;\"><br><\/span><a href=\"https:\/\/www.myflfamilies.com\/\" target=\"_blank\" rel=\"noopener\"> <span style=\"font-weight: 400;\">https:\/\/www.myflfamilies.com\/<\/span><\/a><\/li><li style=\"font-weight: 400;\" aria-level=\"1\"><b>Sitio web del Departamento de Educaci\u00f3n:<\/b><b><br><\/b><span style=\"font-weight: 400;\">Para obtener pautas adicionales sobre mala conducta en entornos educativos, visite el sitio web del Departamento de Educaci\u00f3n de Florida (FDOE):<\/span><span style=\"font-weight: 400;\"><br><\/span><a href=\"https:\/\/www.fldoe.org\/\" target=\"_blank\" rel=\"noopener\"> <span style=\"font-weight: 400;\">https:\/\/www.fldoe.org\/<\/span><\/a><\/li><\/ol><p><span style=\"font-weight: 400;\">Proporcione informaci\u00f3n detallada y precisa al denunciar mala conducta para ayudar a abordar el problema con prontitud.<\/span><\/p>\t\t\t\t\t\t\t\t<\/div>\n\t\t\t\t<\/div>\n\t\t\t\t\t<\/div>\n\t\t\t\t<\/div>\n\t\t\t\t<\/div>\n\t\t","protected":false},"excerpt":{"rendered":"<p>Koala ABA &amp; Learning Centers \u2013 Pol\u00edtica de Denuncia de Conducta Inapropiada En Koala ABA &amp; Learning Centers, priorizamos la creaci\u00f3n de un entorno seguro y de apoyo para todos los estudiantes. Las denuncias de conducta inapropiada se toman en serio y animamos a todos los empleados, estudiantes, padres y miembros de la comunidad a [&hellip;]<\/p>\n","protected":false},"author":6,"featured_media":0,"parent":0,"menu_order":0,"comment_status":"closed","ping_status":"closed","template":"","meta":{"_acf_changed":false,"footnotes":""},"class_list":["post-9426","page","type-page","status-publish","hentry"],"acf":[],"_links":{"self":[{"href":"https:\/\/koalaaba.com\/es\/wp-json\/wp\/v2\/pages\/9426","targetHints":{"allow":["GET"]}}],"collection":[{"href":"https:\/\/koalaaba.com\/es\/wp-json\/wp\/v2\/pages"}],"about":[{"href":"https:\/\/koalaaba.com\/es\/wp-json\/wp\/v2\/types\/page"}],"author":[{"embeddable":true,"href":"https:\/\/koalaaba.com\/es\/wp-json\/wp\/v2\/users\/6"}],"replies":[{"embeddable":true,"href":"https:\/\/koalaaba.com\/es\/wp-json\/wp\/v2\/comments?post=9426"}],"version-history":[{"count":0,"href":"https:\/\/koalaaba.com\/es\/wp-json\/wp\/v2\/pages\/9426\/revisions"}],"wp:attachment":[{"href":"https:\/\/koalaaba.com\/es\/wp-json\/wp\/v2\/media?parent=9426"}],"curies":[{"name":"wp","href":"https:\/\/api.w.org\/{rel}","templated":true}]}}